{"id":700,"date":"2014-01-25T19:59:49","date_gmt":"2014-01-25T18:59:49","guid":{"rendered":"https:\/\/sp7oswiecim.edu.pl\/?page_id=700"},"modified":"2026-04-16T08:26:12","modified_gmt":"2026-04-16T08:26:12","slug":"godziny-pracy-szkoly","status":"publish","type":"page","link":"https:\/\/sp7oswiecim.edu.pl\/?page_id=700","title":{"rendered":"Godziny pracy szko\u0142y"},"content":{"rendered":"<p class=\"success\" style=\"text-align: center;\"><span style=\"color: #003366;\">Sekretariat<\/span><\/p>\n<p class=\"success\" style=\"text-align: center;\"><span style=\"color: #003366;\"><b> mgr Magdalena Copija<\/b><\/span><\/p>\n<p class=\"success\"><strong>Poniedzia\u0142ek- pi\u0105tek w godzinach:<\/strong> 7.30- 15.30<\/p>\n<hr \/>\n<p class=\"success\" style=\"text-align: center;\"><span style=\"color: #000080;\"><strong>\u015aWIETLICA SZKOLNA<\/strong><\/span><\/p>\n<p class=\"success\"><strong>Poniedzia\u0142ek- pi\u0105tek w godzinach: <\/strong>6.00- 16.30<\/p>\n<hr \/>\n<p class=\"success\" style=\"text-align: center;\"><strong>PEDAGOG SZKOLNY\/ PEDAGOG SPECJALNY<\/strong><\/p>\n<p class=\"success\" style=\"text-align: center;\">mgr Barbara Majcherczyk<\/p>\n<p class=\"success\" style=\"text-align: center;\">gab. nr 8<\/p>\n<p class=\"success\"><strong>Poniedzia\u0142ek:<\/strong>\u00a0 \u00a08.00- 13.45<br \/>\n<strong>Wtorek:<\/strong>\u00a0 \u00a011.25- 12.40<br \/>\n<strong>\u015aroda:<\/strong>\u00a0 \u00a08.00- 11.40; 12.25- 13.35<br \/>\n<strong>Czwartek:<\/strong>\u00a0 \u00a08.00- 12.25<br \/>\n<strong>Pi\u0105tek:<\/strong>\u00a0 9.35- 10.40; 12.25- 13.20<\/p>\n<hr \/>\n<p class=\"success\" style=\"text-align: center;\"><span style=\"color: #003366;\"><strong>PEDAGOG SPECJALNY \u00a0\u00a0<\/strong><br \/>\n<\/span><\/p>\n<p class=\"success\" style=\"text-align: center;\"><span style=\"color: #003366;\">mgr Iwona Kolasa<\/span><\/p>\n<p class=\"success\" style=\"text-align: center;\"><span style=\"color: #003366;\">gab. nr 8<\/span><\/p>\n<p class=\"success\"><strong>Poniedzia\u0142ek:<\/strong>\u00a0 \u00a0&#8230;&#8230;&#8230;&#8230;&#8230;&#8230;&#8230;..<br \/>\n<strong>Wtorek:<\/strong> \u00a0 11.25- 12.25<br \/>\n<strong>\u015aroda:<\/strong>\u00a0 \u00a07.00- 8.00; &#8211; 11.25- 13.40<br \/>\n<strong>Czwartek:<\/strong>\u00a0 7.30- 8.00; &#8211; 11.25- 13.40<br \/>\n<strong>Pi\u0105tek:<\/strong> &#8230;&#8230;&#8230;&#8230;&#8230;&#8230;&#8230;..<\/p>\n<p>&nbsp;<\/p>\n<hr \/>\n<p class=\"success\" style=\"text-align: center;\"><strong>PSYCHOLOG SZKOLNY<\/strong><\/p>\n<p class=\"success\" style=\"text-align: center;\">mgr Monika Rabe<\/p>\n<p class=\"success\" style=\"text-align: center;\">gab. nr 8<\/p>\n<p class=\"success\"><strong>Poniedzia\u0142ek:<\/strong>\u00a0 7.30- 13.30<br \/>\n<strong>Wtorek:<\/strong>\u00a0 \u00a07.00- 12.30<br \/>\n<strong>\u015aroda:<\/strong>\u00a0 \u00a08.00- 11.50<br \/>\n<strong>Czwartek:<\/strong>\u00a0 \u00a07.30- 12.00<br \/>\n<strong>Pi\u0105tek:<\/strong>\u00a0 9.35- 11.45<\/p>\n<hr \/>\n<p class=\"success\" style=\"text-align: center;\" align=\"center\"><span style=\"color: #003366;\"><b>LOGOPEDA<\/b><\/span><\/p>\n<p class=\"success\" style=\"text-align: center;\"><span style=\"color: #003366;\">mgr Zofia Kozak<\/span><\/p>\n<p class=\"success\" align=\"left\"><strong>Poniedzia\u0142ek:<\/strong> 11.25- 16.25<\/p>\n<p class=\"success\" align=\"left\"><strong>Wtorek:<\/strong> 13.25- 16.25<\/p>\n<p class=\"success\" align=\"left\"><strong>\u015aroda:<\/strong> 13.25- 16.25<\/p>\n<hr \/>\n<p class=\"success\" style=\"text-align: center;\"><strong>BIBLIOTEKA \u00a0 <\/strong><\/p>\n<p class=\"success\" style=\"text-align: center;\">mgr Anna Domos\u0142awska<\/p>\n<p class=\"success\"><strong>Poniedzia\u0142ek:<\/strong> \u00a0 8.30- 14.30<br \/>\n<strong>Wtorek:<\/strong> \u00a0 8.30- 15.10<br \/>\n<strong>\u015aroda:<\/strong> \u00a0 8.30- 12.40; 14.25- 14.45<br \/>\n<strong>Czwartek:<\/strong> \u00a0 8.00- 15.40<br \/>\n<strong>Pi\u0105tek:<\/strong>\u00a0 8.00- 11.40; 12.40- 14.10<\/p>\n<hr \/>\n<p class=\"success\" style=\"text-align: center;\" align=\"left\"><b><span style=\"color: #003366;\"> <strong><b>Piel\u0119gniarka szkolna<\/b><\/strong><\/span><\/b><\/p>\n<p class=\"success\" align=\"center\"><span style=\"color: #003366;\"><b>gab. nr 16<\/b><\/span><\/p>\n<p class=\"success\"><strong>Poniedzia\u0142ek: <\/strong> 7.30- 15.05<br \/>\n<strong>Wtorek: <\/strong>7.30- 11.30<strong><br \/>\n<\/strong><\/p>\n","protected":false},"excerpt":{"rendered":"<p>Sekretariat mgr Magdalena Copija Poniedzia\u0142ek- pi\u0105tek w godzinach: 7.30- 15.30 \u015aWIETLICA SZKOLNA Poniedzia\u0142ek- pi\u0105tek w godzinach: 6.00- 16.30 PEDAGOG SZKOLNY\/ PEDAGOG SPECJALNY mgr Barbara Majcherczyk gab. nr 8 Poniedzia\u0142ek:\u00a0 \u00a08.00- 13.45 Wtorek:\u00a0 \u00a011.25- 12.40 \u015aroda:\u00a0 \u00a08.00- 11.40; 12.25- 13.35 Czwartek:\u00a0 \u00a08.00- 12.25 Pi\u0105tek:\u00a0 9.35- 10.40; 12.25- 13.20 PEDAGOG SPECJALNY \u00a0\u00a0&#8230;<\/p>\n<p class=\"continue-reading-button\"> <a class=\"continue-reading-link\" href=\"https:\/\/sp7oswiecim.edu.pl\/?page_id=700\">Czytaj dalej<i class=\"crycon-right-dir\"><\/i><\/a><\/p>\n","protected":false},"author":2,"featured_media":0,"parent":0,"menu_order":0,"comment_status":"closed","ping_status":"closed","template":"","meta":{"footnotes":""},"class_list":["post-700","page","type-page","status-publish","hentry"],"_links":{"self":[{"href":"https:\/\/sp7oswiecim.edu.pl\/index.php?rest_route=\/wp\/v2\/pages\/700","targetHints":{"allow":["GET"]}}],"collection":[{"href":"https:\/\/sp7oswiecim.edu.pl\/index.php?rest_route=\/wp\/v2\/pages"}],"about":[{"href":"https:\/\/sp7oswiecim.edu.pl\/index.php?rest_route=\/wp\/v2\/types\/page"}],"author":[{"embeddable":true,"href":"https:\/\/sp7oswiecim.edu.pl\/index.php?rest_route=\/wp\/v2\/users\/2"}],"replies":[{"embeddable":true,"href":"https:\/\/sp7oswiecim.edu.pl\/index.php?rest_route=%2Fwp%2Fv2%2Fcomments&post=700"}],"version-history":[{"count":38,"href":"https:\/\/sp7oswiecim.edu.pl\/index.php?rest_route=\/wp\/v2\/pages\/700\/revisions"}],"predecessor-version":[{"id":17348,"href":"https:\/\/sp7oswiecim.edu.pl\/index.php?rest_route=\/wp\/v2\/pages\/700\/revisions\/17348"}],"wp:attachment":[{"href":"https:\/\/sp7oswiecim.edu.pl\/index.php?rest_route=%2Fwp%2Fv2%2Fmedia&parent=700"}],"curies":[{"name":"wp","href":"https:\/\/api.w.org\/{rel}","templated":true}]}}