{"id":2388,"date":"2015-01-23T11:51:49","date_gmt":"2015-01-23T10:51:49","guid":{"rendered":"https:\/\/sp7oswiecim.edu.pl\/?page_id=2388"},"modified":"2015-01-23T11:51:49","modified_gmt":"2015-01-23T10:51:49","slug":"znajdz-wlasciwe-rozwiazanie","status":"publish","type":"page","link":"https:\/\/sp7oswiecim.edu.pl\/?page_id=2388","title":{"rendered":"ZNAJD\u0179 W\u0141A\u015aCIWE ROZWI\u0104ZANIE"},"content":{"rendered":"<p style=\"text-align: justify;\">Zapraszamy do zapoznania si\u0119 z celami realizowanego w naszej szkole kolejnej edycji programu profilaktyki palenia tytoniu pt. \u201eZnajd\u017a w\u0142a\u015bciwe rozwi\u0105zanie\u201d inicjowanego przez Pa\u0144stwow\u0105 Inspekcj\u0119 Sanitarn\u0105.<\/p>\n<p style=\"text-align: justify;\">W roku szkolnym 2012\/13 nasza szko\u0142a przyst\u0105pi\u0142a do realizacji kolejnej edycji programu profilaktyki palenia tytoniu pt. \u201eZnajd\u017a w\u0142a\u015bciwe rozwi\u0105zanie\u201d inicjowanego przez Pa\u0144stwow\u0105 Inspekcj\u0119 Sanitarn\u0105. Na terenie ca\u0142ego kraju w programie uczestniczy\u0142o ju\u017c 40 tys. uczni\u00f3w. Celem g\u0142\u00f3wnym programu jest zapobieganie paleniu papieros\u00f3w przez m\u0142odzie\u017c. Program profilaktyki antynikotynowej o zasi\u0119gu og\u00f3lnopolskim adresowany jest do uczni\u00f3w klas 5 i 6 szk\u00f3\u0142 podstawowych oraz\u00a0 gimnazjum. W tym okresie nauki gwa\u0142townie wzrasta liczba dzieci i m\u0142odzie\u017cy pr\u00f3buj\u0105cych po raz pierwszy zapali\u0107 papierosa. A palenie tytoniu to na\u0142\u00f3g, na kt\u00f3ry my doro\u015bli jeste\u015bmy najmniej wyczuleni. Istnieje\u00a0 du\u017ce przyzwolenie spo\u0142eczne, mo\u017ce dlatego, \u017ce a\u017c 30 %\u00a0\u00a0 ludzi doros\u0142ych\u00a0 pali. Papierosy to jedyny legalnie sprzedawany produkt na \u015bwiecie o udowodnionym dzia\u0142aniu rakotw\u00f3rczym.\u00a0 Spowodowane\u00a0 paleniem nowotwory z\u0142o\u015bliwe czy zawa\u0142 serca to choroby, kt\u00f3rych mo\u017cna unikn\u0105\u0107, a na kt\u00f3re skazuj\u0105 si\u0119 sami palacze. Rak p\u0142uc wyst\u0119puje niemal wy\u0142\u0105cznie u pal\u0105cych.<\/p>\n<p style=\"text-align: justify;\">Udzia\u0142 m\u0142odzie\u017cy w programie\u00a0 ukierunkowany jest na:<\/p>\n<ul style=\"text-align: justify;\">\n<li>uczenie\u00a0 umiej\u0119tno\u015bci odmawiania\u2013 co powinno wp\u0142yn\u0105\u0107 na wzrost odporno\u015bci na wp\u0142ywy r\u00f3wie\u015bnik\u00f3w;<\/li>\n<li>u\u015bwiadamianie odpowiedzialno\u015bci za w\u0142asny rozw\u00f3j i zdrowie;<\/li>\n<li>kszta\u0142towanie szacunku do siebie, zdobywanie umiej\u0119tno\u015bci radzenia sobie w r\u00f3\u017cnych sytuacjach.<\/li>\n<\/ul>\n<p style=\"text-align: justify;\">RODZICU pami\u0119taj bez wzgl\u0119du na swoje pogl\u0105dy i to czy sam palisz czy nie:<\/p>\n<ul style=\"text-align: justify;\">\n<li>Palenie zaczyna si\u0119 od <b>spr\u00f3bowania<\/b> \u2013 co zdarza si\u0119 wi\u0119kszo\u015bci dzieciom i to nierzadko w bardzo m\u0142odym wieku.<\/li>\n<li>Niekt\u00f3rzy zaczynaj\u0105 <b>eksperymentowa\u0107<\/b> z paleniem, co najcz\u0119\u015bciej przypada na V i VI klas\u0119, a to mo\u017ce si\u0119 przerodzi\u0107 w <b>systematyczne palenie<\/b> i doprowadzi\u0107 \u2013 tak, jak u ludzi doros\u0142ych \u2013 do <b>na\u0142ogowego palenia<\/b>!<\/li>\n<li>Dzieci z rodzin, w kt\u00f3rych jedno z rodzic\u00f3w pali, dwukrotnie cz\u0119\u015bciej ni\u017c dzieci z rodzin niepal\u0105cych, staj\u0105 si\u0119 na\u0142ogowymi palaczami. Gdy dwoje\u00a0 rodzic\u00f3w pali -to prawie pewne, \u017ce w rodzinie pojawi si\u0119\u00a0 nowy palacz.<\/li>\n<li>Palenie wp\u0142ywa nie tylko na pogorszenie stanu zdrowia dziecka, lecz r\u00f3wnie\u017c na gorsze wyniki w nauce.<\/li>\n<\/ul>\n<p style=\"text-align: justify;\">NIE PAL PRZY MNIE PROSZ\u0118<\/p>\n<p style=\"text-align: justify;\">Zadbajmy aby nasze dzieci \u017cy\u0142y w zdrowym \u015brodowisku, wolnym od dymu tytoniowego,nie przebywa\u0142y w zadymionych przez doros\u0142ych\u00a0 pomieszczeniach i nie by\u0142y nara\u017cone na bierne palenie, kt\u00f3re jest co najmniej tak samo szkodliwe jak i palenie czynne.<\/p>\n<p style=\"text-align: justify;\">. Najbardziej zagra\u017ca noworodkom i ma\u0142ym dzieciom, kt\u00f3re nie potrafi\u0105 upomnie\u0107 si\u0119 o swoje prawo.<\/p>\n<p style=\"text-align: justify;\">\u015awiat przestaje pali\u0107. Moda na niepalenie zaczyna dociera\u0107 do Polski. Wed\u0142ug danych szacunkowych powi\u0119ksza si\u0119 grupa\u00a0 Polak\u00f3w, kt\u00f3rzy nigdy nie palili. Ro\u015bnie liczba os\u00f3b rzucaj\u0105cych palenie. Pomagaj\u0105 akcje og\u00f3lnopolskie ,, Rzu\u0107 palenie razem z nami,&#8221; Dzie\u0144 bez papierosa a tak\u017ce telefoniczna Poradnia Pomocy Pal\u0105cym.\u00a0 Dzwoni\u0105c pod numer\u00a0 telefonu 0 801 108 108,mo\u017cna uzyska\u0107 porad\u0119,,jak rzuci\u0107 palenie&#8221;,wsparcie psychiczne i pomoc w przezwyci\u0119\u017ceniu z\u0142ego samopoczucia w pierwszym okresie bez papierosa.<\/p>\n","protected":false},"excerpt":{"rendered":"<p>Zapraszamy do zapoznania si\u0119 z celami realizowanego w naszej szkole kolejnej edycji programu profilaktyki palenia tytoniu pt. \u201eZnajd\u017a w\u0142a\u015bciwe rozwi\u0105zanie\u201d inicjowanego przez Pa\u0144stwow\u0105 Inspekcj\u0119 Sanitarn\u0105. W roku szkolnym 2012\/13 nasza szko\u0142a przyst\u0105pi\u0142a do realizacji kolejnej edycji programu profilaktyki palenia tytoniu pt. \u201eZnajd\u017a w\u0142a\u015bciwe rozwi\u0105zanie\u201d inicjowanego przez Pa\u0144stwow\u0105 Inspekcj\u0119 Sanitarn\u0105. Na&#8230;<\/p>\n<p class=\"continue-reading-button\"> <a class=\"continue-reading-link\" href=\"https:\/\/sp7oswiecim.edu.pl\/?page_id=2388\">Czytaj dalej<i class=\"crycon-right-dir\"><\/i><\/a><\/p>\n","protected":false},"author":2,"featured_media":0,"parent":0,"menu_order":0,"comment_status":"closed","ping_status":"closed","template":"","meta":{"footnotes":""},"class_list":["post-2388","page","type-page","status-publish","hentry"],"_links":{"self":[{"href":"https:\/\/sp7oswiecim.edu.pl\/index.php?rest_route=\/wp\/v2\/pages\/2388","targetHints":{"allow":["GET"]}}],"collection":[{"href":"https:\/\/sp7oswiecim.edu.pl\/index.php?rest_route=\/wp\/v2\/pages"}],"about":[{"href":"https:\/\/sp7oswiecim.edu.pl\/index.php?rest_route=\/wp\/v2\/types\/page"}],"author":[{"embeddable":true,"href":"https:\/\/sp7oswiecim.edu.pl\/index.php?rest_route=\/wp\/v2\/users\/2"}],"replies":[{"embeddable":true,"href":"https:\/\/sp7oswiecim.edu.pl\/index.php?rest_route=%2Fwp%2Fv2%2Fcomments&post=2388"}],"version-history":[{"count":0,"href":"https:\/\/sp7oswiecim.edu.pl\/index.php?rest_route=\/wp\/v2\/pages\/2388\/revisions"}],"wp:attachment":[{"href":"https:\/\/sp7oswiecim.edu.pl\/index.php?rest_route=%2Fwp%2Fv2%2Fmedia&parent=2388"}],"curies":[{"name":"wp","href":"https:\/\/api.w.org\/{rel}","templated":true}]}}