{"id":22858,"date":"2025-10-01T10:32:22","date_gmt":"2025-10-01T10:32:22","guid":{"rendered":"https:\/\/sp7oswiecim.edu.pl\/?page_id=22858"},"modified":"2025-10-01T10:32:22","modified_gmt":"2025-10-01T10:32:22","slug":"rola-rodziny-w-przeciwdzialaniu-przemocy-rowiesniczej","status":"publish","type":"page","link":"https:\/\/sp7oswiecim.edu.pl\/?page_id=22858","title":{"rendered":"Rola rodziny w przeciwdzia\u0142aniu przemocy r\u00f3wie\u015bniczej"},"content":{"rendered":"<p data-start=\"75\" data-end=\"307\"><strong data-start=\"87\" data-end=\"162\">Rodzina odgrywa kluczow\u0105 rol\u0119 w przeciwdzia\u0142aniu przemocy r\u00f3wie\u015bniczej.<\/strong><br data-start=\"162\" data-end=\"165\" \/>To w\u0142a\u015bnie dom rodzinny jest pierwszym miejscem, w kt\u00f3rym dziecko uczy si\u0119 warto\u015bci, postaw i sposob\u00f3w radzenia sobie z trudnymi sytuacjami.<\/p>\n<p data-start=\"309\" data-end=\"746\">Rodzice mog\u0105 wspiera\u0107 dziecko m.in. poprzez:<\/p>\n<ul>\n<li data-start=\"309\" data-end=\"746\">\u00a0budowanie poczucia w\u0142asnej warto\u015bci,<\/li>\n<li data-start=\"309\" data-end=\"746\">uczenie empatii i pozytywnych relacji z innymi,<br data-start=\"446\" data-end=\"449\" \/>\u00a0otwart\u0105 i uwa\u017cn\u0105 komunikacj\u0119,<\/li>\n<li data-start=\"309\" data-end=\"746\">wsp\u00f3\u0142prac\u0119 ze szko\u0142\u0105 przy identyfikacji i rozwi\u0105zywaniu problem\u00f3w,<\/li>\n<li data-start=\"309\" data-end=\"746\">reagowanie na sygna\u0142y przemocy \u2013 zar\u00f3wno w szkole, jak i w grupie r\u00f3wie\u015bniczej,<\/li>\n<li data-start=\"309\" data-end=\"746\">dawanie dobrego przyk\u0142adu w\u0142asnym zachowaniem,<\/li>\n<li data-start=\"309\" data-end=\"746\">tworzenie w domu atmosfery bezpiecze\u0144stwa i zaufania.<\/li>\n<\/ul>\n<p data-start=\"748\" data-end=\"904\">Wa\u017cne jest r\u00f3wnie\u017c wzmacnianie kompetencji spo\u0142ecznych dziecka \u2013 uczenie, jak rozwi\u0105zywa\u0107 konflikty bez agresji, jak prosi\u0107 o pomoc i jak wspiera\u0107 innych.<\/p>\n<p data-start=\"906\" data-end=\"994\">\u00a0<strong data-start=\"909\" data-end=\"932\">Polecane publikacje<\/strong>, z kt\u00f3rych mog\u0105 si\u0119 Pa\u0144stwo dowiedzie\u0107 wi\u0119cej na ten temat:<\/p>\n<ul data-start=\"995\" data-end=\"1266\">\n<li data-start=\"995\" data-end=\"1075\">\n<p data-start=\"997\" data-end=\"1075\"><em data-start=\"997\" data-end=\"1060\"><a href=\"https:\/\/sp7oswiecim.edu.pl\/wp-content\/uploads\/2025\/10\/Jak-wychowywac-dzieci-bez-przemocy-1.pdf\">Jak wychowywa\u0107 dzieci bez przemocy<\/a><\/em><\/p>\n<\/li>\n<li data-start=\"995\" data-end=\"1075\">\n<p data-start=\"997\" data-end=\"1075\"><a href=\"https:\/\/sp7oswiecim.edu.pl\/wp-content\/uploads\/2025\/10\/tg_przeciwdzialanie_przemocy_rowiesn-2.pdf\">Przeciwdzialanie przemocy rowiesniczej<\/a><\/p>\n<\/li>\n<li data-start=\"995\" data-end=\"1075\"><a href=\"https:\/\/sp7oswiecim.edu.pl\/wp-content\/uploads\/2025\/10\/Sila-wiezi-rodzinnych-dla-rodzicow-dzieci-w-wieku-5-12.pdf\">Sila-wiezi-rodzinnych-dla-rodzicow-dzieci-w-wieku-5-12<\/a><\/li>\n<li data-start=\"995\" data-end=\"1075\">\n<p data-start=\"997\" data-end=\"1075\"><em data-start=\"997\" data-end=\"1060\">&#8222;Jak reagowa\u0107 na przemoc r\u00f3wie\u015bnicz\u0105 \u2013 poradnik dla rodzic\u00f3w\u201d<\/em> (MEN, 2021),<\/p>\n<\/li>\n<li data-start=\"1076\" data-end=\"1173\">\n<p data-start=\"1078\" data-end=\"1173\"><em data-start=\"1078\" data-end=\"1138\">\u201eBezpieczne dziecko \u2013 poradnik dla rodzic\u00f3w i wychowawc\u00f3w\u201d<\/em> (Fundacja Dajemy Dzieciom Si\u0142\u0119),<\/p>\n<\/li>\n<li data-start=\"1174\" data-end=\"1266\">\n<p data-start=\"1176\" data-end=\"1266\"><em data-start=\"1176\" data-end=\"1236\">\u201eSzko\u0142a bez przemocy. Wsparcie dla rodzic\u00f3w i nauczycieli\u201d<\/em> (O\u015brodek Rozwoju Edukacji).<\/p>\n<\/li>\n<\/ul>\n","protected":false},"excerpt":{"rendered":"<p>Rodzina odgrywa kluczow\u0105 rol\u0119 w przeciwdzia\u0142aniu przemocy r\u00f3wie\u015bniczej.To w\u0142a\u015bnie dom rodzinny jest pierwszym miejscem, w kt\u00f3rym dziecko uczy si\u0119 warto\u015bci, postaw i sposob\u00f3w radzenia sobie z trudnymi sytuacjami. Rodzice mog\u0105 wspiera\u0107 dziecko m.in. poprzez: \u00a0budowanie poczucia w\u0142asnej warto\u015bci, uczenie empatii i pozytywnych relacji z innymi,\u00a0otwart\u0105 i uwa\u017cn\u0105 komunikacj\u0119, wsp\u00f3\u0142prac\u0119 ze&#8230;<\/p>\n<p class=\"continue-reading-button\"> <a class=\"continue-reading-link\" href=\"https:\/\/sp7oswiecim.edu.pl\/?page_id=22858\">Czytaj dalej<i class=\"crycon-right-dir\"><\/i><\/a><\/p>\n","protected":false},"author":1,"featured_media":0,"parent":0,"menu_order":0,"comment_status":"closed","ping_status":"closed","template":"","meta":{"footnotes":""},"class_list":["post-22858","page","type-page","status-publish","hentry"],"_links":{"self":[{"href":"https:\/\/sp7oswiecim.edu.pl\/index.php?rest_route=\/wp\/v2\/pages\/22858","targetHints":{"allow":["GET"]}}],"collection":[{"href":"https:\/\/sp7oswiecim.edu.pl\/index.php?rest_route=\/wp\/v2\/pages"}],"about":[{"href":"https:\/\/sp7oswiecim.edu.pl\/index.php?rest_route=\/wp\/v2\/types\/page"}],"author":[{"embeddable":true,"href":"https:\/\/sp7oswiecim.edu.pl\/index.php?rest_route=\/wp\/v2\/users\/1"}],"replies":[{"embeddable":true,"href":"https:\/\/sp7oswiecim.edu.pl\/index.php?rest_route=%2Fwp%2Fv2%2Fcomments&post=22858"}],"version-history":[{"count":1,"href":"https:\/\/sp7oswiecim.edu.pl\/index.php?rest_route=\/wp\/v2\/pages\/22858\/revisions"}],"predecessor-version":[{"id":22861,"href":"https:\/\/sp7oswiecim.edu.pl\/index.php?rest_route=\/wp\/v2\/pages\/22858\/revisions\/22861"}],"wp:attachment":[{"href":"https:\/\/sp7oswiecim.edu.pl\/index.php?rest_route=%2Fwp%2Fv2%2Fmedia&parent=22858"}],"curies":[{"name":"wp","href":"https:\/\/api.w.org\/{rel}","templated":true}]}}