{"id":20714,"date":"2025-01-14T12:30:39","date_gmt":"2025-01-14T12:30:39","guid":{"rendered":"https:\/\/sp7oswiecim.edu.pl\/?page_id=20714"},"modified":"2025-05-26T07:42:33","modified_gmt":"2025-05-26T07:42:33","slug":"polityka-prywatnosci","status":"publish","type":"page","link":"https:\/\/sp7oswiecim.edu.pl\/?page_id=20714","title":{"rendered":"Polityka prywatno\u015bci"},"content":{"rendered":"<p><strong>Polityka prywatno\u015bci<\/strong><\/p>\n<p>Polityka skierowana jest do u\u017cytkownik\u00f3w strony internetowej: https:\/\/sp7oswiecim.edu.pl\/. W Polityce zosta\u0142y opisane zasady gromadzenia oraz wykorzystywania danych u\u017cytkownik\u00f3w Serwisu, kt\u00f3re s\u0105 gromadzone bezpo\u015brednio od nich lub za po\u015brednictwem plik\u00f3w cookies oraz podobnych technologii.<\/p>\n<p><strong>\u00a0<\/strong><\/p>\n<p><strong>Administrator danych i kontakt do niego<\/strong><\/p>\n<p>Zgodnie z art. 13 i art. 14 rozporz\u0105dzenia Parlamentu Europejskiego i Rady (UE) 2016\/679 z dnia 27 kwietnia 2016 r. w sprawie ochrony os\u00f3b fizycznych w zwi\u0105zku z przetwarzaniem danych osobowych i w sprawie swobodnego przep\u0142ywu takich danych oraz uchylenia dyrektywy 95\/46\/WE (og\u00f3lne rozporz\u0105dzenie o ochronie danych) (dalej \u201eRODO\u201d), informujemy, \u017ce administratorem danych osobowych oraz operatorem strony (dalej: \u201cAdministrator\u201d) jest Szko\u0142a Podstawowa nr 7 im. Zofii Kossak w O\u015bwi\u0119cimiu, ul. Wyzwolenia 3, 32-600 O\u015bwi\u0119cim, e-mail: sp7sekretariat@eduoswiecim.pl, tel. 33 8432563, NIP: 5492448357, REGON: 367483267.<\/p>\n<p><strong>\u00a0<\/strong><\/p>\n<p><strong>Inspektor Ochrony Danych<\/strong><\/p>\n<p>We wszelkich sprawach zwi\u0105zanych z przetwarzaniem danych osobowych przez Administratora mo\u017cna uzyska\u0107 informacj\u0119, kontaktuj\u0105c si\u0119 z Inspektorem Ochrony Danych \u2013 Pani\u0105 Patrycj\u0105 H\u0142ado\u0144, przesy\u0142aj\u0105c informacj\u0119 na adres e-mail: patrycja@informatics.jaworzno.pl lub listownie i osobi\u015bcie pod adresem siedziby Administratora.<\/p>\n<p><strong>\u00a0<\/strong><\/p>\n<p><strong>Zakres zbieranych danych.<\/strong><\/p>\n<p>Serwis umo\u017cliwia Pani\/Panu kontaktowanie si\u0119 z Administratorem i przekazanie mu Pani\/Pana danych identyfikacyjnych, kontaktowych, a tak\u017ce zwi\u0105zanych z tre\u015bci\u0105 wiadomo\u015bci. Administrator gromadzi dane zwi\u0105zane z Pani\/Pana aktywno\u015bci\u0105, jak na przyk\u0142ad czas sp\u0119dzony na stronie, wyszukiwane frazy, liczba wy\u015bwietlanych podstron, data i \u017ar\u00f3d\u0142o wizyt.<\/p>\n<p><strong>\u00a0<\/strong><\/p>\n<p><strong>\u0179r\u00f3d\u0142o danych.<\/strong><\/p>\n<p>Je\u017celi kontaktowa\u0142a si\u0119 Pani\/Pan z Administratorem, dane zosta\u0142y udost\u0119pnione nam bezpo\u015brednio od Pani\/Pana poprzez dobrowolne wprowadzenie w formularzach, kt\u00f3re trafiaj\u0105 do system\u00f3w Operatora.<\/p>\n<p>Je\u017celi Pani\/Pana dane zosta\u0142y przekazane w zwi\u0105zku z za\u0142atwian\u0105 spraw\u0105 przez osob\u0119, kt\u00f3ra t\u0119 spraw\u0119 skierowa\u0142a do Administratora, to \u017ar\u00f3d\u0142em danych jest ta osoba. W takim wypadku Administrator otrzymuje dane identyfikacyjne, adresowe i zwi\u0105zane ze spraw\u0105, jak opis sprawy.<\/p>\n<p><strong>\u00a0<\/strong><\/p>\n<p><strong>Cel i podstawa prawna przetwarzania danych osobowych.<\/strong><\/p>\n<p>Pani\/Pana dane mog\u0105 by\u0107 przetwarzane w celu:<\/p>\n<ol>\n<li>analizy ruchu sieciowego, zapewnienia bezpiecze\u0144stwa w ramach Serwisu oraz dostosowywania tre\u015bci do potrzeb u\u017cytkownik\u00f3w na podstawie prawnie uzasadnionego interesu Administratora (art. 6 ust. 1 lit. f RODO);<\/li>\n<li>udzielania odpowiedzi na zadane pytania, przekazania zam\u00f3wionej oferty i prowadzenia korespondencji w celu za\u0142atwienia sprawy, na podstawie Pani\/Pana zgody i prawnie uzasadnionego interesu administratora, jakim jest realizowanie \u017c\u0105da\u0144 u\u017cytkownik\u00f3w (art. 6 ust. 1 lit. a i f RODO).<\/li>\n<li>obs\u0142uga zapyta\u0144 przesy\u0142anych za pomoc\u0105 formularza (art. 6 ust. 1 lit. a i f RODO).<\/li>\n<\/ol>\n<p><strong>\u00a0<\/strong><\/p>\n<p><strong>Prawo do wycofania zgody.<\/strong><\/p>\n<p>Zgod\u0119 na przetwarzanie danych kontaktowych mo\u017ce Pani\/Pan wycofa\u0107 w dowolnym momencie kontaktuj\u0105c si\u0119 z Administratorem. Wycofanie zgody mo\u017ce utrudni\u0107 lub uniemo\u017cliwi\u0107 kontakt z Pani\u0105\/Panem.<\/p>\n<p><strong>\u00a0<\/strong><\/p>\n<p><strong>Obowi\u0105zek lub dobrowolno\u015b\u0107 podania danych.<\/strong><\/p>\n<p>Podanie danych przez Pani\u0105\/Pana w celach zwi\u0105zanych z obs\u0142ug\u0105 sprawy jest dobrowolne, ale niezb\u0119dne. Ich niepodanie mo\u017ce utrudni\u0107 lub uniemo\u017cliwi\u0107 rozpatrzenie sprawy.<\/p>\n<p>Podanie danych niezb\u0119dnych do analizy statycznej u\u017cytkownik\u00f3w Serwisu jest dobrowolne. Mo\u017ce Pan\/Pani skorzysta\u0107 z tzw. trybu incognito w celu przegl\u0105dania strony bez udost\u0119pniania Administratorowi informacji o Pani\/Pana wizycie w Serwisie. Korzystanie z trybu incognito, a zatem niepodanie danych, nie ma wp\u0142ywu na mo\u017cliwo\u015b\u0107 korzystania z Serwisu.<\/p>\n<p><strong>\u00a0<\/strong><\/p>\n<p><strong>Uprawnienia wynikaj\u0105ce z RODO w zakresie przetwarzanych danych.<\/strong><\/p>\n<p>Ma Pani\/Pan prawo:<\/p>\n<ol>\n<li>\u017c\u0105da\u0107 od Administratora wgl\u0105du do Pani\/a danych, a tak\u017ce otrzymania ich kopii (art. 15 RODO);<\/li>\n<li>\u017c\u0105da\u0107 od Administratora sprostowania lub poprawienia danych (art. 16 RODO) \u2013 w odniesieniu do \u017c\u0105dania sprostowania danych, gdy zauwa\u017cy Pani\/Pan, \u017ce dane s\u0105 nieprawid\u0142owe lub niekompletne;<\/li>\n<li>\u017c\u0105da\u0107 od Administratora usuni\u0119cia danych (art. 17 RODO);<\/li>\n<li>\u017c\u0105da\u0107 od Administratora ograniczenia przetwarzania (18 RODO) \u2013 np. gdy zauwa\u017cy Pani\/Pan, \u017ce dane s\u0105 nieprawid\u0142owe \u2013 mo\u017ce Pani\/Pan \u017c\u0105da\u0107 ograniczenia przetwarzania swoich danych na okres pozwalaj\u0105cy nam sprawdzi\u0107 prawid\u0142owo\u015b\u0107 tych danych);<\/li>\n<li>wniesienia skargi w zwi\u0105zku z przetwarzaniem przez Administratora Pani\/Pana danych osobowych do Prezesa Urz\u0119du Ochrony Danych Osobowych pod adresem: ul. stawki 2, 00-193 Warszawa.<\/li>\n<\/ol>\n<p><strong>\u00a0<\/strong><\/p>\n<p><strong>Odbiorcy Pani\/Pana danych osobowych.<\/strong><\/p>\n<p>Odbiorcami Pani\/Pana danych osobowych mog\u0105 by\u0107 wy\u0142\u0105cznie podmioty, kt\u00f3re uprawnione s\u0105 do ich otrzymania na mocy przepis\u00f3w prawa. Ponadto Pani\/Pana dane mog\u0105 by\u0107 udost\u0119pnione kurierom, operatorom pocztowym, dostawcy hostingu, serwera poczty i podmiotom realizuj\u0105cym us\u0142ugi prawno-finansowe oraz informatyczne na rzecz Administratora \u2013 ka\u017cdorazowo b\u0119d\u0105 zawierane w\u00f3wczas umowy powierzenia.<\/p>\n<p><strong>\u00a0<\/strong><\/p>\n<p><strong>Czas przechowywania danych.<\/strong><\/p>\n<p>Pani\/Pana dane osobowe b\u0119d\u0105 przechowywane do czasu wycofania zgody lub do czasu za\u0142atwienia sprawy, a nast\u0119pnie do up\u0142ywu okresu przedawnienia roszcze\u0144 stron zwi\u0105zanych z jej realizacj\u0105. W odniesieniu do danych zbieranych w celach marketingowych dane te nie b\u0119d\u0105 przetwarzane d\u0142u\u017cej ni\u017c przez 3 lata.<\/p>\n<p>Dane zwi\u0105zane z analiz\u0105 ruchu sieciowego gromadzone za po\u015brednictwem plik\u00f3w cookies oraz podobnych technologii mog\u0105 by\u0107 przechowywane do momentu wyga\u015bni\u0119cia pliku cookie. Niekt\u00f3re pliki cookie nigdy nie wygasaj\u0105, w zwi\u0105zku z tym czas przechowywania danych b\u0119dzie r\u00f3wnowa\u017cny z czasem niezb\u0119dnym administratorowi do zrealizowania cel\u00f3w zwi\u0105zanych z gromadzeniem danych, jak zapewnienie bezpiecze\u0144stwa i analiza danych historycznych zwi\u0105zanych z ruchem na stronie.<\/p>\n<p><strong>\u00a0<\/strong><\/p>\n<p><strong>Przekazywanie danych do pa\u0144stwa trzeciego lub organizacji mi\u0119dzynarodowej<\/strong><\/p>\n<p>Pani\/Pana dane nie b\u0119d\u0105 przekazywane do pa\u0144stw trzecich ani organizacji mi\u0119dzynarodowych.<\/p>\n<p><strong>\u00a0<\/strong><\/p>\n<p><strong>Wybrane metody ochrony danych.<\/strong><\/p>\n<ol>\n<li>Miejsca logowania i wprowadzania danych osobowych s\u0105 zabezpieczone warstw\u0105 transmisji (certyfikat SSL), dzi\u0119ki czemu dane osobowe i dane logowania s\u0105 szyfrowane na komputerze u\u017cytkownika i mog\u0105 by\u0107 odczytane tylko na docelowym serwerze.<\/li>\n<li>Dane osobowe przechowywane w bazie s\u0105 szyfrowane w spos\u00f3b umo\u017cliwiaj\u0105cy ich odczytanie wy\u0142\u0105cznie przez Administratora posiadaj\u0105cego klucz. W ten spos\u00f3b dane s\u0105 chronione w przypadku kradzie\u017cy bazy z serwera.<\/li>\n<li>Has\u0142a u\u017cytkownik\u00f3w s\u0105 przechowywane w formie haszowanej. Funkcja haszowania dzia\u0142a jednokierunkowo, co oznacza, \u017ce nie mo\u017cna odwr\u00f3ci\u0107 jej dzia\u0142ania. Jest to wsp\u00f3\u0142czesny standard w zakresie przechowywania hase\u0142.<\/li>\n<li>Administratora regularnie zmienia has\u0142a administracyjne.<\/li>\n<li>Administratora regularnie wykonuje kopie zapasowe danych w celu ich ochrony.<\/li>\n<li>Wa\u017cnym elementem ochrony danych jest regularne aktualizowanie wszelkiego oprogramowania u\u017cywanego przez Administratora do przetwarzania danych osobowych, co obejmuje w szczeg\u00f3lno\u015bci aktualizacje komponent\u00f3w programistycznych.<\/li>\n<\/ol>\n<p><strong>\u00a0<\/strong><\/p>\n<p><strong>Wykorzystywanie plik\u00f3w cookies oraz podobnych technologii.<\/strong><\/p>\n<p>Serwis umo\u017cliwia gromadzenie informacji o u\u017cytkowniku za po\u015brednictwem cookies oraz podobnych technologii, kt\u00f3rych korzystanie najcz\u0119\u015bciej wi\u0105\u017ce si\u0119 z zainstalowaniem tego narz\u0119dzia na urz\u0105dzeniu u\u017cytkownika (komputer, smartfon, itd.). Wykorzystuje si\u0119 te informacje do zapami\u0119tywania decyzji u\u017cytkownika (wyb\u00f3r czcionki, kontrastu, akceptacja polityki), utrzymania sesji u\u017cytkownika (np. po zalogowaniu), gromadzenia informacji o urz\u0105dzeniu u\u017cytkownika oraz jego wizycie s\u0142u\u017c\u0105ce do zapewnienia bezpiecze\u0144stwa, ale tak\u017ce analizy wizyt i dostosowania tre\u015bci. Administrator wykorzystuje statystyczn\u0105 analiz\u0119 ruchu na stronie poprzez Google Analytics (Google Inc. z siedzib\u0105 w USA). Operator nie przekazuje danych osobowych operatorowi tej us\u0142ugi, a jedynie anonimowe informacje. Regulamin Google Analytics: <a href=\"https:\/\/marketingplatform.google.com\/about\/analytics\/terms\/pl\/\">https:\/\/marketingplatform.google.com\/about\/analytics\/terms\/pl\/<\/a>.<\/p>\n<p>Informacje pozyskane za po\u015brednictwem cookies oraz podobnych technologii nie s\u0105 \u0142\u0105czone z innymi danymi u\u017cytkownik\u00f3w Serwisu, nie s\u0142u\u017c\u0105 te\u017c do ich identyfikacji przez Administratora.<\/p>\n<p>Pliki cookies s\u0105 wykorzystywane m.in. w celu:<\/p>\n<ul>\n<li>dostosowania zawarto\u015bci Serwisu do preferencji U\u017cytkownika.<\/li>\n<li>optymalizacji Serwisu z uwagi na rodzaj urz\u0105dzenia na kt\u00f3rym strona jest wy\u015bwietlana (np. laptop, komputer PC, smatfon, itp.)<\/li>\n<li>tworzenia statystyk mog\u0105cych zrozumie\u0107 potrzeby U\u017cytkownika.<\/li>\n<li>zapewnienie bezpiecze\u0144stwa przechowywanych danych osobowych<\/li>\n<\/ul>\n<p>U\u017cytkownik ma mo\u017cliwo\u015b\u0107 ustawi\u0107 w przegl\u0105darce blokowanie okre\u015blonych rodzaj\u00f3w cookies i innych technologii, poprzez okre\u015blenie na przyk\u0142ad, \u017ce dozwolone b\u0119d\u0105 tylko i wy\u0142\u0105cznie te, kt\u00f3re s\u0105 niezb\u0119dne do poprawnego wy\u015bwietlenia strony. Domy\u015blnie wi\u0119kszo\u015b\u0107 przegl\u0105darek dopuszcza stosowanie wszystkich cookies. Ka\u017cda z przegl\u0105darek umo\u017cliwia zmiany tych ustawie\u0144 w dowolnym momencie, mo\u017ce tak\u017ce usun\u0105\u0107 zainstalowane ju\u017c pliki cookies poprzez jedn\u0105 z dost\u0119pnych w ustawieniach lub preferencjach opcji. U\u017cytkownik w ka\u017cdym wypadku mo\u017ce zablokowa\u0107 instalowanie plik\u00f3w cookies, usun\u0105\u0107 sta\u0142e pliki cookies lub w inny spos\u00f3b zmieni\u0107 warunki przechowywania b\u0105d\u017a otrzymywania plik\u00f3w cookies, wykorzystuj\u0105c w tym celu stosowne opcje swojej przegl\u0105darki internetowej, np.:<\/p>\n<ul>\n<li>Mozilla Firefox: <a href=\"http:\/\/www.support.mozilla.org\/pl\/kb\/ciasteczka\">support.mozilla.org\/pl\/kb\/ciasteczka<\/a><\/li>\n<li>Internet Explorer: <a href=\"http:\/\/www.support.microsoft.com\/kb\/278835\/pl\">support.microsoft.com\/kb\/278835\/pl<\/a><\/li>\n<li>Google Chrome: <a href=\"http:\/\/www.support.google.com\/chrome\/bin\/answer.py?hl=pl&amp;answer=95647\">support.google.com\/chrome\/bin\/answer.py?hl=pl&amp;answer=95647<\/a><\/li>\n<\/ul>\n<p>z tym zastrze\u017ceniem, \u017ce wy\u0142\u0105czenie plik\u00f3w cookies w przegl\u0105darce mo\u017ce spowodowa\u0107 utrudnienia, a nawet uniemo\u017cliwi\u0107 korzystanie z Portalu.<\/p>\n<p>U\u017cytkownik ma tak\u017ce mo\u017cliwo\u015b\u0107 korzysta\u0107 ze strony w tzw. trybie incognito, kt\u00f3ry blokuje mo\u017cliwo\u015b\u0107 gromadzenia danych o jego wizycie.<\/p>\n<p>Korzystanie z serwisu bez zmiany ustawie\u0144 przegl\u0105darki, tzn. z domy\u015blnym zaakceptowaniem plik\u00f3w cookies i podobnych technologii oznacza zgod\u0119 na ich wykorzystanie do okre\u015blonych powy\u017cej cel\u00f3w.<\/p>\n<p>Polityka obowi\u0105zuje od dnia 22.05.2025. O zmianie Polityki u\u017cytkownik zostanie poinformowany, poprzez jej ponowne opublikowanie w Serwisie oraz odpowiedni komunikat.<\/p>\n<p>&nbsp;<\/p>\n","protected":false},"excerpt":{"rendered":"<p>Polityka prywatno\u015bci Polityka skierowana jest do u\u017cytkownik\u00f3w strony internetowej: https:\/\/sp7oswiecim.edu.pl\/. W Polityce zosta\u0142y opisane zasady gromadzenia oraz wykorzystywania danych u\u017cytkownik\u00f3w Serwisu, kt\u00f3re s\u0105 gromadzone bezpo\u015brednio od nich lub za po\u015brednictwem plik\u00f3w cookies oraz podobnych technologii. \u00a0 Administrator danych i kontakt do niego Zgodnie z art. 13 i art. 14 rozporz\u0105dzenia&#8230;<\/p>\n<p class=\"continue-reading-button\"> <a class=\"continue-reading-link\" href=\"https:\/\/sp7oswiecim.edu.pl\/?page_id=20714\">Czytaj dalej<i class=\"crycon-right-dir\"><\/i><\/a><\/p>\n","protected":false},"author":1,"featured_media":0,"parent":0,"menu_order":0,"comment_status":"closed","ping_status":"closed","template":"","meta":{"footnotes":""},"class_list":["post-20714","page","type-page","status-publish","hentry"],"_links":{"self":[{"href":"https:\/\/sp7oswiecim.edu.pl\/index.php?rest_route=\/wp\/v2\/pages\/20714","targetHints":{"allow":["GET"]}}],"collection":[{"href":"https:\/\/sp7oswiecim.edu.pl\/index.php?rest_route=\/wp\/v2\/pages"}],"about":[{"href":"https:\/\/sp7oswiecim.edu.pl\/index.php?rest_route=\/wp\/v2\/types\/page"}],"author":[{"embeddable":true,"href":"https:\/\/sp7oswiecim.edu.pl\/index.php?rest_route=\/wp\/v2\/users\/1"}],"replies":[{"embeddable":true,"href":"https:\/\/sp7oswiecim.edu.pl\/index.php?rest_route=%2Fwp%2Fv2%2Fcomments&post=20714"}],"version-history":[{"count":4,"href":"https:\/\/sp7oswiecim.edu.pl\/index.php?rest_route=\/wp\/v2\/pages\/20714\/revisions"}],"predecessor-version":[{"id":22020,"href":"https:\/\/sp7oswiecim.edu.pl\/index.php?rest_route=\/wp\/v2\/pages\/20714\/revisions\/22020"}],"wp:attachment":[{"href":"https:\/\/sp7oswiecim.edu.pl\/index.php?rest_route=%2Fwp%2Fv2%2Fmedia&parent=20714"}],"curies":[{"name":"wp","href":"https:\/\/api.w.org\/{rel}","templated":true}]}}