{"id":19695,"date":"2024-11-04T10:16:26","date_gmt":"2024-11-04T10:16:26","guid":{"rendered":"https:\/\/sp7oswiecim.edu.pl\/?page_id=19695"},"modified":"2025-09-26T09:46:55","modified_gmt":"2025-09-26T09:46:55","slug":"kolko-historyczne","status":"publish","type":"page","link":"https:\/\/sp7oswiecim.edu.pl\/?page_id=19695","title":{"rendered":"K\u00f3\u0142ko historyczne"},"content":{"rendered":"<p><strong>K\u00f3\u0142ko Historyczne \u2013\u00a0 Fascynuj\u0105ca podr\u00f3\u017c w czasie! <\/strong><\/p>\n<p>Zaj\u0119cia odbywaj\u0105 si\u0119 we wtorki o godz. 7:10 w sali 208. Nauczyciel prowadz\u0105cy- p. Agata Micha\u0142ek.<\/p>\n<p>K\u00f3\u0142ko Historyczne to dodatkowe zaj\u0119cia, kt\u00f3re pozwalaj\u0105 uczniom odkrywa\u0107 histori\u0119 w interesuj\u0105cy i tw\u00f3rczy spos\u00f3b. Zaj\u0119cia s\u0105 prowadzone metod\u0105 stacji zadaniowych, dzi\u0119ki kt\u00f3rym ka\u017cdy uczestnik mo\u017ce aktywnie uczestniczy\u0107 w nauce przez zabaw\u0119, rozwi\u0105zywa\u0107 zagadki i podejmowa\u0107 kreatywne wyzwania zwi\u0105zane z r\u00f3\u017cnymi epokami.<\/p>\n<p>Na jedynych z\u00a0 zaj\u0119\u0107 uczniowie przenie\u015bli si\u0119 do staro\u017cytnego Egiptu, gdzie zg\u0142\u0119biali wiedz\u0119 o \u017cyciu faraona i jego atrybutach w\u0142adzy. Mieli tak\u017ce okazj\u0119 stworzy\u0107 w\u0142asne nemes \u2013 kr\u00f3lewskie nakrycie g\u0142owy. Po\u0142\u0105czenie nauki z tw\u00f3rczo\u015bci\u0105 pozwala uczniom nie tylko lepiej zrozumie\u0107 przesz\u0142o\u015b\u0107, ale tak\u017ce wyra\u017ca\u0107 j\u0105 w formie artystycznej.<\/p>\n<p>Zaj\u0119cia te stanowi\u0105 r\u00f3wnie\u017c doskona\u0142\u0105 okazj\u0119 do przygotowania si\u0119 do konkurs\u00f3w historycznych, umo\u017cliwiaj\u0105c uczniom poszerzanie wiedzy i doskonalenie umiej\u0119tno\u015bci prezentacyjnych.<\/p>\n<p>Do\u0142\u0105cz do nas i wsp\u00f3lnie odkrywajmy fascynuj\u0105cy \u015bwiat historii!<\/p>\n\n\t\t<style type=\"text\/css\">\n\t\t\t#gallery-1 {\n\t\t\t\tmargin: auto;\n\t\t\t}\n\t\t\t#gallery-1 .gallery-item {\n\t\t\t\tfloat: left;\n\t\t\t\tmargin-top: 10px;\n\t\t\t\ttext-align: center;\n\t\t\t\twidth: 25%;\n\t\t\t}\n\t\t\t#gallery-1 img {\n\t\t\t\tborder: 2px solid #cfcfcf;\n\t\t\t}\n\t\t\t#gallery-1 .gallery-caption {\n\t\t\t\tmargin-left: 0;\n\t\t\t}\n\t\t\t\/* see gallery_shortcode() in wp-includes\/media.php *\/\n\t\t<\/style>\n\t\t<div id='gallery-1' class='gallery galleryid-19695 gallery-columns-4 gallery-size-thumbnail'><dl class='gallery-item'>\n\t\t\t<dt class='gallery-icon landscape'>\n\t\t\t\t<a href='https:\/\/sp7oswiecim.edu.pl\/?attachment_id=19697'><img loading=\"lazy\" decoding=\"async\" width=\"150\" height=\"150\" src=\"https:\/\/sp7oswiecim.edu.pl\/wp-content\/uploads\/2024\/11\/IMG_20241025_071429-150x150.jpg\" class=\"attachment-thumbnail size-thumbnail\" alt=\"\" \/><\/a>\n\t\t\t<\/dt><\/dl><dl class='gallery-item'>\n\t\t\t<dt class='gallery-icon landscape'>\n\t\t\t\t<a href='https:\/\/sp7oswiecim.edu.pl\/?attachment_id=19698'><img loading=\"lazy\" decoding=\"async\" width=\"150\" height=\"150\" src=\"https:\/\/sp7oswiecim.edu.pl\/wp-content\/uploads\/2024\/11\/IMG_20241025_071435-150x150.jpg\" class=\"attachment-thumbnail size-thumbnail\" alt=\"\" \/><\/a>\n\t\t\t<\/dt><\/dl><dl class='gallery-item'>\n\t\t\t<dt class='gallery-icon portrait'>\n\t\t\t\t<a href='https:\/\/sp7oswiecim.edu.pl\/?attachment_id=19699'><img loading=\"lazy\" decoding=\"async\" width=\"150\" height=\"150\" src=\"https:\/\/sp7oswiecim.edu.pl\/wp-content\/uploads\/2024\/11\/IMG_20241025_073341-150x150.jpg\" class=\"attachment-thumbnail size-thumbnail\" alt=\"\" \/><\/a>\n\t\t\t<\/dt><\/dl><dl class='gallery-item'>\n\t\t\t<dt class='gallery-icon portrait'>\n\t\t\t\t<a href='https:\/\/sp7oswiecim.edu.pl\/?attachment_id=19700'><img loading=\"lazy\" decoding=\"async\" width=\"150\" height=\"150\" src=\"https:\/\/sp7oswiecim.edu.pl\/wp-content\/uploads\/2024\/11\/IMG_20241025_073534-150x150.jpg\" class=\"attachment-thumbnail size-thumbnail\" alt=\"\" \/><\/a>\n\t\t\t<\/dt><\/dl><br style=\"clear: both\" \/>\n\t\t<\/div>\n\n","protected":false},"excerpt":{"rendered":"<p>K\u00f3\u0142ko Historyczne \u2013\u00a0 Fascynuj\u0105ca podr\u00f3\u017c w czasie! Zaj\u0119cia odbywaj\u0105 si\u0119 we wtorki o godz. 7:10 w sali 208. Nauczyciel prowadz\u0105cy- p. Agata Micha\u0142ek. K\u00f3\u0142ko Historyczne to dodatkowe zaj\u0119cia, kt\u00f3re pozwalaj\u0105 uczniom odkrywa\u0107 histori\u0119 w interesuj\u0105cy i tw\u00f3rczy spos\u00f3b. Zaj\u0119cia s\u0105 prowadzone metod\u0105 stacji zadaniowych, dzi\u0119ki kt\u00f3rym ka\u017cdy uczestnik mo\u017ce aktywnie&#8230;<\/p>\n<p class=\"continue-reading-button\"> <a class=\"continue-reading-link\" href=\"https:\/\/sp7oswiecim.edu.pl\/?page_id=19695\">Czytaj dalej<i class=\"crycon-right-dir\"><\/i><\/a><\/p>\n","protected":false},"author":1,"featured_media":0,"parent":0,"menu_order":0,"comment_status":"closed","ping_status":"closed","template":"","meta":{"footnotes":""},"class_list":["post-19695","page","type-page","status-publish","hentry"],"_links":{"self":[{"href":"https:\/\/sp7oswiecim.edu.pl\/index.php?rest_route=\/wp\/v2\/pages\/19695","targetHints":{"allow":["GET"]}}],"collection":[{"href":"https:\/\/sp7oswiecim.edu.pl\/index.php?rest_route=\/wp\/v2\/pages"}],"about":[{"href":"https:\/\/sp7oswiecim.edu.pl\/index.php?rest_route=\/wp\/v2\/types\/page"}],"author":[{"embeddable":true,"href":"https:\/\/sp7oswiecim.edu.pl\/index.php?rest_route=\/wp\/v2\/users\/1"}],"replies":[{"embeddable":true,"href":"https:\/\/sp7oswiecim.edu.pl\/index.php?rest_route=%2Fwp%2Fv2%2Fcomments&post=19695"}],"version-history":[{"count":7,"href":"https:\/\/sp7oswiecim.edu.pl\/index.php?rest_route=\/wp\/v2\/pages\/19695\/revisions"}],"predecessor-version":[{"id":22839,"href":"https:\/\/sp7oswiecim.edu.pl\/index.php?rest_route=\/wp\/v2\/pages\/19695\/revisions\/22839"}],"wp:attachment":[{"href":"https:\/\/sp7oswiecim.edu.pl\/index.php?rest_route=%2Fwp%2Fv2%2Fmedia&parent=19695"}],"curies":[{"name":"wp","href":"https:\/\/api.w.org\/{rel}","templated":true}]}}