{"id":19610,"date":"2024-11-04T10:17:52","date_gmt":"2024-11-04T10:17:52","guid":{"rendered":"https:\/\/sp7oswiecim.edu.pl\/?page_id=19610"},"modified":"2024-11-04T10:37:31","modified_gmt":"2024-11-04T10:37:31","slug":"kolo-z-j-niemieckiego","status":"publish","type":"page","link":"https:\/\/sp7oswiecim.edu.pl\/?page_id=19610","title":{"rendered":"K\u00f3\u0142ko j. niemieckiego"},"content":{"rendered":"<p>Zaj\u0119cia dodatkowe (rozwijaj\u0105ce) z j. niemieckiego odbywaj\u0105 si\u0119 w \u015brody o godz. 14.25 w sali 110. Nauczyciel prowadz\u0105cy- p. Monika Kotfis.<\/p>\n<p>Dedykowane s\u0105 uczniom z klas 7 i 8.<\/p>\n<p>Na zaj\u0119ciach tych uczniowie poszerzaj\u0105 zakres s\u0142ownictwa, gramatyki oraz \u0107wicz\u0105 umiej\u0119tno\u015bci m\u00f3wienia w ma\u0142ych grupach. Poznaj\u0105 ciekawe zwroty, kt\u00f3re mog\u0105 wykorzysta\u0107 w praktyce, np. podczas spotka\u0144 z r\u00f3wie\u015bnikami z Niemiec. W razie potrzeb powtarzaj\u0105 i utrwalaj\u0105 r\u00f3wnie\u017c materia\u0142 lekcyjny. Na zaj\u0119ciach stosowane s\u0105 metody interaktywne oraz gry j\u0119zykowe.<\/p>\n","protected":false},"excerpt":{"rendered":"<p>Zaj\u0119cia dodatkowe (rozwijaj\u0105ce) z j. niemieckiego odbywaj\u0105 si\u0119 w \u015brody o godz. 14.25 w sali 110. Nauczyciel prowadz\u0105cy- p. Monika Kotfis. Dedykowane s\u0105 uczniom z klas 7 i 8. Na zaj\u0119ciach tych uczniowie poszerzaj\u0105 zakres s\u0142ownictwa, gramatyki oraz \u0107wicz\u0105 umiej\u0119tno\u015bci m\u00f3wienia w ma\u0142ych grupach. Poznaj\u0105 ciekawe zwroty, kt\u00f3re mog\u0105 wykorzysta\u0107&#8230;<\/p>\n<p class=\"continue-reading-button\"> <a class=\"continue-reading-link\" href=\"https:\/\/sp7oswiecim.edu.pl\/?page_id=19610\">Czytaj dalej<i class=\"crycon-right-dir\"><\/i><\/a><\/p>\n","protected":false},"author":1,"featured_media":0,"parent":0,"menu_order":0,"comment_status":"closed","ping_status":"closed","template":"","meta":{"footnotes":""},"class_list":["post-19610","page","type-page","status-publish","hentry"],"_links":{"self":[{"href":"https:\/\/sp7oswiecim.edu.pl\/index.php?rest_route=\/wp\/v2\/pages\/19610","targetHints":{"allow":["GET"]}}],"collection":[{"href":"https:\/\/sp7oswiecim.edu.pl\/index.php?rest_route=\/wp\/v2\/pages"}],"about":[{"href":"https:\/\/sp7oswiecim.edu.pl\/index.php?rest_route=\/wp\/v2\/types\/page"}],"author":[{"embeddable":true,"href":"https:\/\/sp7oswiecim.edu.pl\/index.php?rest_route=\/wp\/v2\/users\/1"}],"replies":[{"embeddable":true,"href":"https:\/\/sp7oswiecim.edu.pl\/index.php?rest_route=%2Fwp%2Fv2%2Fcomments&post=19610"}],"version-history":[{"count":4,"href":"https:\/\/sp7oswiecim.edu.pl\/index.php?rest_route=\/wp\/v2\/pages\/19610\/revisions"}],"predecessor-version":[{"id":19746,"href":"https:\/\/sp7oswiecim.edu.pl\/index.php?rest_route=\/wp\/v2\/pages\/19610\/revisions\/19746"}],"wp:attachment":[{"href":"https:\/\/sp7oswiecim.edu.pl\/index.php?rest_route=%2Fwp%2Fv2%2Fmedia&parent=19610"}],"curies":[{"name":"wp","href":"https:\/\/api.w.org\/{rel}","templated":true}]}}