{"id":18032,"date":"2024-02-09T11:32:29","date_gmt":"2024-02-09T11:32:29","guid":{"rendered":"https:\/\/sp7oswiecim.edu.pl\/?page_id=18032"},"modified":"2026-02-24T09:17:13","modified_gmt":"2026-02-24T09:17:13","slug":"informacje-dotyczace-rekrutacji","status":"publish","type":"page","link":"https:\/\/sp7oswiecim.edu.pl\/?page_id=18032","title":{"rendered":"Informacje dotycz\u0105ce rekrutacji"},"content":{"rendered":"<p><img loading=\"lazy\" decoding=\"async\" class=\"aligncenter size-full wp-image-23857\" src=\"https:\/\/sp7oswiecim.edu.pl\/wp-content\/uploads\/2026\/02\/SP7-strona.jpg\" alt=\"\" width=\"940\" height=\"788\" srcset=\"https:\/\/sp7oswiecim.edu.pl\/wp-content\/uploads\/2026\/02\/SP7-strona.jpg 940w, https:\/\/sp7oswiecim.edu.pl\/wp-content\/uploads\/2026\/02\/SP7-strona-300x251.jpg 300w, https:\/\/sp7oswiecim.edu.pl\/wp-content\/uploads\/2026\/02\/SP7-strona-768x644.jpg 768w, https:\/\/sp7oswiecim.edu.pl\/wp-content\/uploads\/2026\/02\/SP7-strona-200x168.jpg 200w, https:\/\/sp7oswiecim.edu.pl\/wp-content\/uploads\/2026\/02\/SP7-strona-150x126.jpg 150w\" sizes=\"auto, (max-width: 940px) 100vw, 940px\" \/><\/p>\n<div style=\"width: 900px;\" class=\"wp-video\"><!--[if lt IE 9]><script>document.createElement('video');<\/script><![endif]-->\n<video class=\"wp-video-shortcode\" id=\"video-18032-1\" width=\"900\" height=\"754\" preload=\"metadata\" controls=\"controls\"><source type=\"video\/mp4\" src=\"https:\/\/sp7oswiecim.edu.pl\/wp-content\/uploads\/2026\/02\/Zielony-Naklejka-w-Okraglym-Ksztalcie-Kolaz-Post-na-Facebooka2.mp4?_=1\" \/><a href=\"https:\/\/sp7oswiecim.edu.pl\/wp-content\/uploads\/2026\/02\/Zielony-Naklejka-w-Okraglym-Ksztalcie-Kolaz-Post-na-Facebooka2.mp4\">https:\/\/sp7oswiecim.edu.pl\/wp-content\/uploads\/2026\/02\/Zielony-Naklejka-w-Okraglym-Ksztalcie-Kolaz-Post-na-Facebooka2.mp4<\/a><\/video><\/div>\n<p><strong>Szanowni Rodzice! <\/strong><\/p>\n<p><strong>Prosimy o zapoznanie si\u0119 z poni\u017cszymi informacjami dotycz\u0105cymi rekrutacji do szk\u00f3\u0142 podstawowych na rok szkolny 2026\/2027<\/strong><\/p>\n<p style=\"text-align: center;\"><span style=\"color: #000080;\"><strong>OBOWI\u0104ZEK SZKOLNY<\/strong><\/span><\/p>\n<p>Spe\u0142nianie obowi\u0105zku szkolnego obejmuje wszystkie dzieci 7-letnie (rocznik 2019), natomiast dzieci 6-letnie mog\u0105 od wrze\u015bnia 2026 roku zosta\u0107 uczniami szko\u0142y podstawowej, je\u015bli odby\u0142y roczne przygotowanie przedszkolne, b\u0105d\u017a posiadaj\u0105 opini\u0119 o mo\u017cliwo\u015bci rozpocz\u0119cia nauki wydan\u0105 przez publiczn\u0105 poradni\u0119 psychologiczno-pedagogiczn\u0105.<\/p>\n<p style=\"text-align: center;\"><span style=\"color: #000080;\"><strong>ZAPISY DO SZK\u00d3\u0141<\/strong><\/span><\/p>\n<p><span style=\"color: #ff0000;\"><strong>Dzieci\u00a0zamieszka\u0142e\u00a0w\u00a0obwodzie szko\u0142y<\/strong><\/span><br \/>\nprzyjmuje si\u0119 z urz\u0119du do klasy I na podstawie zg\u0142oszenia rodzic\u00f3w lub opiekun\u00f3w prawnych.<\/p>\n<p>Zobacz: <a href=\"https:\/\/sp7oswiecim.edu.pl\/wp-content\/uploads\/2025\/02\/granice-obwodow.pdf\">Granice obwod\u00f3w szk\u00f3\u0142 podstawowych w O\u015bwi\u0119cimiu<\/a><\/p>\n<p><span style=\"color: #ff0000;\"><strong>Dzieci\u00a0zamieszka\u0142e\u00a0poza obwodem szko\u0142y<\/strong><\/span><br \/>\nmog\u0105 by\u0107 przyj\u0119te do klasy I po z\u0142o\u017ceniu przez rodzic\u00f3w lub opiekun\u00f3w prawnych wniosku<br \/>\noraz po przeprowadzeniu post\u0119powania rekrutacyjnego\u00a0<strong>na wolne miejsca<\/strong>.<\/p>\n<p><strong>Zg\u0142oszenie dziecka z obwodu szko\u0142y<\/strong><strong> oraz wniosek dla dziecka zamieszka\u0142ego poza obwodem szko\u0142y<br \/>\nnale\u017cy z\u0142o\u017cy\u0107 elektronicznie na stronie w terminie: <\/strong><\/p>\n<p><span style=\"color: #ff0000;\"><strong>od 2 marca 2026 r.- <\/strong><\/span><strong><span style=\"color: #ff0000;\">godz. 8.00 <\/span><\/strong><\/p>\n<p><strong><span style=\"color: #ff0000;\">do 20 marca 2026r.- godz. 15.00<\/span>.<br \/>\n<\/strong><\/p>\n<p><span style=\"color: #ff0000;\"><strong>WA\u017bNE:<\/strong><\/span><\/p>\n<p>Rodzic zakwalifikowanego kandydata sk\u0142ada w szkole, w postaci pisemnego o\u015bwiadczenia, wol\u0119 przyj\u0119cia do szko\u0142y podstawowej.<br \/>\n<strong>UWAGA! Niez\u0142o\u017cenie woli przyj\u0119cia w terminie do dnia 14.04.2026 r. do godziny 15.00 spowoduje<\/strong><br \/>\n<strong>skre\u015blenie dziecka z listy kandydat\u00f3w zakwalifikowanych.<\/strong><\/p>\n<p>REKRUTACJA- link do strony: <a href=\"https:\/\/naborsp-kandydat.vulcan.net.pl\/oswiecim\">https:\/\/naborsp-kandydat.vulcan.net.pl\/oswiecim\u00a0<\/a><\/p>\n<p>ZASADY NABORU: <a href=\"https:\/\/naborsp-kandydat.vulcan.net.pl\/oswiecim\/RecruitmentRules\">https:\/\/naborsp-kandydat.vulcan.net.pl\/oswiecim\/RecruitmentRules<\/a><\/p>\n<ul>\n<li>POBIERZ <strong>ZG\u0141OSZENIE DO KLASY I SZKO\u0141Y PODSTAWOWEJ OBWODOWEJ <\/strong>:<br \/>\n<a href=\"https:\/\/sp7oswiecim.edu.pl\/wp-content\/uploads\/2026\/02\/wniosek-obwodowy.doc\">wniosek obwodowy<\/a><\/li>\n<li>POBIERZ <strong>WNIOSEK O PRZYJ\u0118CIE DO KLASY I SZKO\u0141Y PODSTAWOWEJ KANDYDATA ZAMIESZKA\u0141EGO POZA OBWODEM TEJ SZKO\u0141Y:<br \/>\n<\/strong><a href=\"https:\/\/sp7oswiecim.edu.pl\/wp-content\/uploads\/2026\/02\/WNIOSEK-kandydat.doc\">WNIOSEK-kandydat<\/a><\/li>\n<\/ul>\n<p style=\"text-align: center;\"><span style=\"color: #ff0000;\"><strong>KRYTERIA REKRUTACYJNE DLA UCZNI\u00d3W<br \/>\nNIE MIESZKAJ\u0104CYCH W OBWODZIE SZKO\u0141Y<\/strong><\/span><\/p>\n<p style=\"text-align: center;\"><img loading=\"lazy\" decoding=\"async\" class=\"aligncenter size-full wp-image-18028\" src=\"https:\/\/sp7oswiecim.edu.pl\/wp-content\/uploads\/2024\/02\/kryteria-.png\" alt=\"\" width=\"623\" height=\"590\" srcset=\"https:\/\/sp7oswiecim.edu.pl\/wp-content\/uploads\/2024\/02\/kryteria-.png 623w, https:\/\/sp7oswiecim.edu.pl\/wp-content\/uploads\/2024\/02\/kryteria--300x284.png 300w, https:\/\/sp7oswiecim.edu.pl\/wp-content\/uploads\/2024\/02\/kryteria--200x189.png 200w, https:\/\/sp7oswiecim.edu.pl\/wp-content\/uploads\/2024\/02\/kryteria--150x142.png 150w\" sizes=\"auto, (max-width: 623px) 100vw, 623px\" \/><\/p>\n","protected":false},"excerpt":{"rendered":"<p>Szanowni Rodzice! Prosimy o zapoznanie si\u0119 z poni\u017cszymi informacjami dotycz\u0105cymi rekrutacji do szk\u00f3\u0142 podstawowych na rok szkolny 2026\/2027 OBOWI\u0104ZEK SZKOLNY Spe\u0142nianie obowi\u0105zku szkolnego obejmuje wszystkie dzieci 7-letnie (rocznik 2019), natomiast dzieci 6-letnie mog\u0105 od wrze\u015bnia 2026 roku zosta\u0107 uczniami szko\u0142y podstawowej, je\u015bli odby\u0142y roczne przygotowanie przedszkolne, b\u0105d\u017a posiadaj\u0105 opini\u0119 o&#8230;<\/p>\n<p class=\"continue-reading-button\"> <a class=\"continue-reading-link\" href=\"https:\/\/sp7oswiecim.edu.pl\/?page_id=18032\">Czytaj dalej<i class=\"crycon-right-dir\"><\/i><\/a><\/p>\n","protected":false},"author":1,"featured_media":0,"parent":0,"menu_order":0,"comment_status":"closed","ping_status":"closed","template":"","meta":{"footnotes":""},"class_list":["post-18032","page","type-page","status-publish","hentry"],"_links":{"self":[{"href":"https:\/\/sp7oswiecim.edu.pl\/index.php?rest_route=\/wp\/v2\/pages\/18032","targetHints":{"allow":["GET"]}}],"collection":[{"href":"https:\/\/sp7oswiecim.edu.pl\/index.php?rest_route=\/wp\/v2\/pages"}],"about":[{"href":"https:\/\/sp7oswiecim.edu.pl\/index.php?rest_route=\/wp\/v2\/types\/page"}],"author":[{"embeddable":true,"href":"https:\/\/sp7oswiecim.edu.pl\/index.php?rest_route=\/wp\/v2\/users\/1"}],"replies":[{"embeddable":true,"href":"https:\/\/sp7oswiecim.edu.pl\/index.php?rest_route=%2Fwp%2Fv2%2Fcomments&post=18032"}],"version-history":[{"count":24,"href":"https:\/\/sp7oswiecim.edu.pl\/index.php?rest_route=\/wp\/v2\/pages\/18032\/revisions"}],"predecessor-version":[{"id":23923,"href":"https:\/\/sp7oswiecim.edu.pl\/index.php?rest_route=\/wp\/v2\/pages\/18032\/revisions\/23923"}],"wp:attachment":[{"href":"https:\/\/sp7oswiecim.edu.pl\/index.php?rest_route=%2Fwp%2Fv2%2Fmedia&parent=18032"}],"curies":[{"name":"wp","href":"https:\/\/api.w.org\/{rel}","templated":true}]}}