{"id":119,"date":"2014-01-02T20:01:10","date_gmt":"2014-01-02T19:01:10","guid":{"rendered":"https:\/\/sp7oswiecim.edu.pl\/?page_id=119"},"modified":"2019-09-17T08:19:19","modified_gmt":"2019-09-17T08:19:19","slug":"o-szkole","status":"publish","type":"page","link":"https:\/\/sp7oswiecim.edu.pl\/?page_id=119","title":{"rendered":"O szkole"},"content":{"rendered":"<h5 style=\"text-align: center;\"><span style=\"color: #ff0000;\"><strong><a href=\"https:\/\/sp7oswiecim.edu.pl\/2016\/03\/3791\/\" target=\"_blank\"><br \/>\n<\/a><\/strong><\/span><\/h5>\n\n\t\t<style type=\"text\/css\">\n\t\t\t#gallery-1 {\n\t\t\t\tmargin: auto;\n\t\t\t}\n\t\t\t#gallery-1 .gallery-item {\n\t\t\t\tfloat: left;\n\t\t\t\tmargin-top: 10px;\n\t\t\t\ttext-align: center;\n\t\t\t\twidth: 20%;\n\t\t\t}\n\t\t\t#gallery-1 img {\n\t\t\t\tborder: 2px solid #cfcfcf;\n\t\t\t}\n\t\t\t#gallery-1 .gallery-caption {\n\t\t\t\tmargin-left: 0;\n\t\t\t}\n\t\t\t\/* see gallery_shortcode() in wp-includes\/media.php *\/\n\t\t<\/style>\n\t\t<div id='gallery-1' class='gallery galleryid-119 gallery-columns-5 gallery-size-thumbnail'><dl class='gallery-item'>\n\t\t\t<dt class='gallery-icon landscape'>\n\t\t\t\t<a href='https:\/\/sp7oswiecim.edu.pl\/?attachment_id=6504'><img loading=\"lazy\" decoding=\"async\" width=\"150\" height=\"150\" src=\"https:\/\/sp7oswiecim.edu.pl\/wp-content\/uploads\/2014\/01\/1-1-150x150.jpg\" class=\"attachment-thumbnail size-thumbnail\" alt=\"\" \/><\/a>\n\t\t\t<\/dt><\/dl><dl class='gallery-item'>\n\t\t\t<dt class='gallery-icon landscape'>\n\t\t\t\t<a href='https:\/\/sp7oswiecim.edu.pl\/?attachment_id=6505'><img loading=\"lazy\" decoding=\"async\" width=\"150\" height=\"150\" src=\"https:\/\/sp7oswiecim.edu.pl\/wp-content\/uploads\/2014\/01\/3-150x150.jpg\" class=\"attachment-thumbnail size-thumbnail\" alt=\"\" \/><\/a>\n\t\t\t<\/dt><\/dl><dl class='gallery-item'>\n\t\t\t<dt class='gallery-icon landscape'>\n\t\t\t\t<a href='https:\/\/sp7oswiecim.edu.pl\/?attachment_id=6506'><img loading=\"lazy\" decoding=\"async\" width=\"150\" height=\"150\" src=\"https:\/\/sp7oswiecim.edu.pl\/wp-content\/uploads\/2014\/01\/4-150x150.jpg\" class=\"attachment-thumbnail size-thumbnail\" alt=\"\" \/><\/a>\n\t\t\t<\/dt><\/dl><dl class='gallery-item'>\n\t\t\t<dt class='gallery-icon landscape'>\n\t\t\t\t<a href='https:\/\/sp7oswiecim.edu.pl\/?attachment_id=6507'><img loading=\"lazy\" decoding=\"async\" width=\"150\" height=\"150\" src=\"https:\/\/sp7oswiecim.edu.pl\/wp-content\/uploads\/2014\/01\/DSC_0933-150x150.jpg\" class=\"attachment-thumbnail size-thumbnail\" alt=\"\" \/><\/a>\n\t\t\t<\/dt><\/dl><dl class='gallery-item'>\n\t\t\t<dt class='gallery-icon landscape'>\n\t\t\t\t<a href='https:\/\/sp7oswiecim.edu.pl\/?attachment_id=6508'><img loading=\"lazy\" decoding=\"async\" width=\"150\" height=\"150\" src=\"https:\/\/sp7oswiecim.edu.pl\/wp-content\/uploads\/2014\/01\/DSC_0954-150x150.jpg\" class=\"attachment-thumbnail size-thumbnail\" alt=\"\" \/><\/a>\n\t\t\t<\/dt><\/dl><br style=\"clear: both\" \/><dl class='gallery-item'>\n\t\t\t<dt class='gallery-icon landscape'>\n\t\t\t\t<a href='https:\/\/sp7oswiecim.edu.pl\/?attachment_id=6509'><img loading=\"lazy\" decoding=\"async\" width=\"150\" height=\"150\" src=\"https:\/\/sp7oswiecim.edu.pl\/wp-content\/uploads\/2014\/01\/DSC_0975-150x150.jpg\" class=\"attachment-thumbnail size-thumbnail\" alt=\"\" \/><\/a>\n\t\t\t<\/dt><\/dl><dl class='gallery-item'>\n\t\t\t<dt class='gallery-icon landscape'>\n\t\t\t\t<a href='https:\/\/sp7oswiecim.edu.pl\/?attachment_id=6510'><img loading=\"lazy\" decoding=\"async\" width=\"150\" height=\"150\" src=\"https:\/\/sp7oswiecim.edu.pl\/wp-content\/uploads\/2014\/01\/20171113_115238-150x150.jpg\" class=\"attachment-thumbnail size-thumbnail\" alt=\"\" \/><\/a>\n\t\t\t<\/dt><\/dl><dl class='gallery-item'>\n\t\t\t<dt class='gallery-icon landscape'>\n\t\t\t\t<a href='https:\/\/sp7oswiecim.edu.pl\/?attachment_id=6511'><img loading=\"lazy\" decoding=\"async\" width=\"150\" height=\"150\" src=\"https:\/\/sp7oswiecim.edu.pl\/wp-content\/uploads\/2014\/01\/IMG_20171020_114428-150x150.jpg\" class=\"attachment-thumbnail size-thumbnail\" alt=\"\" \/><\/a>\n\t\t\t<\/dt><\/dl><dl class='gallery-item'>\n\t\t\t<dt class='gallery-icon portrait'>\n\t\t\t\t<a href='https:\/\/sp7oswiecim.edu.pl\/?attachment_id=6512'><img loading=\"lazy\" decoding=\"async\" width=\"150\" height=\"150\" src=\"https:\/\/sp7oswiecim.edu.pl\/wp-content\/uploads\/2014\/01\/Palmiarnia-16-150x150.jpg\" class=\"attachment-thumbnail size-thumbnail\" alt=\"\" \/><\/a>\n\t\t\t<\/dt><\/dl><dl class='gallery-item'>\n\t\t\t<dt class='gallery-icon landscape'>\n\t\t\t\t<a href='https:\/\/sp7oswiecim.edu.pl\/?attachment_id=6513'><img loading=\"lazy\" decoding=\"async\" width=\"150\" height=\"150\" src=\"https:\/\/sp7oswiecim.edu.pl\/wp-content\/uploads\/2014\/01\/DSCF3415-150x150.jpg\" class=\"attachment-thumbnail size-thumbnail\" alt=\"\" \/><\/a>\n\t\t\t<\/dt><\/dl><br style=\"clear: both\" \/><dl class='gallery-item'>\n\t\t\t<dt class='gallery-icon landscape'>\n\t\t\t\t<a href='https:\/\/sp7oswiecim.edu.pl\/?attachment_id=6514'><img loading=\"lazy\" decoding=\"async\" width=\"150\" height=\"150\" src=\"https:\/\/sp7oswiecim.edu.pl\/wp-content\/uploads\/2014\/01\/DSCN2119-150x150.jpg\" class=\"attachment-thumbnail size-thumbnail\" alt=\"\" \/><\/a>\n\t\t\t<\/dt><\/dl><dl class='gallery-item'>\n\t\t\t<dt class='gallery-icon landscape'>\n\t\t\t\t<a href='https:\/\/sp7oswiecim.edu.pl\/?attachment_id=6515'><img loading=\"lazy\" decoding=\"async\" width=\"150\" height=\"150\" src=\"https:\/\/sp7oswiecim.edu.pl\/wp-content\/uploads\/2014\/01\/DSCN6440-150x150.jpg\" class=\"attachment-thumbnail size-thumbnail\" alt=\"\" \/><\/a>\n\t\t\t<\/dt><\/dl><dl class='gallery-item'>\n\t\t\t<dt class='gallery-icon landscape'>\n\t\t\t\t<a href='https:\/\/sp7oswiecim.edu.pl\/?attachment_id=6516'><img loading=\"lazy\" decoding=\"async\" width=\"150\" height=\"150\" src=\"https:\/\/sp7oswiecim.edu.pl\/wp-content\/uploads\/2014\/01\/DSC_0700-150x150.jpg\" class=\"attachment-thumbnail size-thumbnail\" alt=\"\" \/><\/a>\n\t\t\t<\/dt><\/dl><dl class='gallery-item'>\n\t\t\t<dt class='gallery-icon landscape'>\n\t\t\t\t<a href='https:\/\/sp7oswiecim.edu.pl\/?attachment_id=6517'><img loading=\"lazy\" decoding=\"async\" width=\"150\" height=\"150\" src=\"https:\/\/sp7oswiecim.edu.pl\/wp-content\/uploads\/2014\/01\/DSC_0705-150x150.jpg\" class=\"attachment-thumbnail size-thumbnail\" alt=\"\" \/><\/a>\n\t\t\t<\/dt><\/dl><dl class='gallery-item'>\n\t\t\t<dt class='gallery-icon landscape'>\n\t\t\t\t<a href='https:\/\/sp7oswiecim.edu.pl\/?attachment_id=6518'><img loading=\"lazy\" decoding=\"async\" width=\"150\" height=\"150\" src=\"https:\/\/sp7oswiecim.edu.pl\/wp-content\/uploads\/2014\/01\/DSC_0692-150x150.jpg\" class=\"attachment-thumbnail size-thumbnail\" alt=\"\" \/><\/a>\n\t\t\t<\/dt><\/dl><br style=\"clear: both\" \/><dl class='gallery-item'>\n\t\t\t<dt class='gallery-icon landscape'>\n\t\t\t\t<a href='https:\/\/sp7oswiecim.edu.pl\/?attachment_id=6519'><img loading=\"lazy\" decoding=\"async\" width=\"150\" height=\"150\" src=\"https:\/\/sp7oswiecim.edu.pl\/wp-content\/uploads\/2014\/01\/DSC_0690-150x150.jpg\" class=\"attachment-thumbnail size-thumbnail\" alt=\"\" \/><\/a>\n\t\t\t<\/dt><\/dl><dl class='gallery-item'>\n\t\t\t<dt class='gallery-icon landscape'>\n\t\t\t\t<a href='https:\/\/sp7oswiecim.edu.pl\/?attachment_id=6520'><img loading=\"lazy\" decoding=\"async\" width=\"150\" height=\"150\" src=\"https:\/\/sp7oswiecim.edu.pl\/wp-content\/uploads\/2014\/01\/DSC_0671-150x150.jpg\" class=\"attachment-thumbnail size-thumbnail\" alt=\"\" \/><\/a>\n\t\t\t<\/dt><\/dl><dl class='gallery-item'>\n\t\t\t<dt class='gallery-icon landscape'>\n\t\t\t\t<a href='https:\/\/sp7oswiecim.edu.pl\/?attachment_id=6521'><img loading=\"lazy\" decoding=\"async\" width=\"150\" height=\"150\" src=\"https:\/\/sp7oswiecim.edu.pl\/wp-content\/uploads\/2014\/01\/IMG_20180110_082744-150x150.jpg\" class=\"attachment-thumbnail size-thumbnail\" alt=\"\" \/><\/a>\n\t\t\t<\/dt><\/dl><dl class='gallery-item'>\n\t\t\t<dt class='gallery-icon landscape'>\n\t\t\t\t<a href='https:\/\/sp7oswiecim.edu.pl\/?attachment_id=6522'><img loading=\"lazy\" decoding=\"async\" width=\"150\" height=\"150\" src=\"https:\/\/sp7oswiecim.edu.pl\/wp-content\/uploads\/2014\/01\/8b-150x150.jpg\" class=\"attachment-thumbnail size-thumbnail\" alt=\"\" \/><\/a>\n\t\t\t<\/dt><\/dl><dl class='gallery-item'>\n\t\t\t<dt class='gallery-icon landscape'>\n\t\t\t\t<a href='https:\/\/sp7oswiecim.edu.pl\/?attachment_id=6523'><img loading=\"lazy\" decoding=\"async\" width=\"150\" height=\"150\" src=\"https:\/\/sp7oswiecim.edu.pl\/wp-content\/uploads\/2014\/01\/11b-150x150.jpg\" class=\"attachment-thumbnail size-thumbnail\" alt=\"\" \/><\/a>\n\t\t\t<\/dt><\/dl><br style=\"clear: both\" \/>\n\t\t<\/div>\n\n<p style=\"text-align: center;\"><span style=\"color: #808080;\"><em><b><span style=\"font-size: medium;\">&#8222;UCZYMY SI\u0118 NIE DLA SZKO\u0141Y, LECZ DLA \u017bYCIA&#8221;<\/span><\/b><\/em><\/span><\/p>\n<p style=\"text-align: center;\"><a href=\"https:\/\/sp7oswiecim.edu.pl\/wp-content\/uploads\/2014\/01\/logo_LS.png\"><img loading=\"lazy\" decoding=\"async\" class=\"aligncenter size-medium wp-image-3734\" src=\"https:\/\/sp7oswiecim.edu.pl\/wp-content\/uploads\/2014\/01\/logo_LS-250x300.png\" alt=\"logo_LS\" width=\"250\" height=\"300\" \/><\/a><\/p>\n<h4 style=\"text-align: center;\"><span style=\"color: #333333;\"><strong>W naszej szkole prowadzimy<br \/>\nzaj\u0119cia strzelectwa sportowego:<\/strong><\/span><\/h4>\n<p style=\"text-align: justify;\">Uczniowie\u00a0 podczas dodatkowych godzin w ramach wychowania fizycznego\u00a0 mog\u0105 doskonali\u0107 (w ma\u0142o licznym zespole) swoje umiej\u0119tno\u015bci w strzelectwie. Zaj\u0119cia odbywaj\u0105 si\u0119 w szkolnej strzelnicy sportowej.<\/p>\n<p style=\"text-align: center;\"><a href=\"https:\/\/sp7oswiecim.edu.pl\/wp-content\/uploads\/2014\/01\/strz2.jpg\">\u00a0\u00a0 <img loading=\"lazy\" decoding=\"async\" class=\"alignnone wp-image-544\" src=\"https:\/\/sp7oswiecim.edu.pl\/wp-content\/uploads\/2014\/01\/strz2-300x200.jpg\" alt=\"SONY DSC\" width=\"200\" height=\"133\" \/><\/a> <a href=\"https:\/\/sp7oswiecim.edu.pl\/wp-content\/uploads\/2014\/01\/strz3.jpg\"><img loading=\"lazy\" decoding=\"async\" class=\"alignnone wp-image-546\" src=\"https:\/\/sp7oswiecim.edu.pl\/wp-content\/uploads\/2014\/01\/strz3-300x200.jpg\" alt=\"SONY DSC\" width=\"201\" height=\"134\" \/><\/a><a href=\"https:\/\/sp7oswiecim.edu.pl\/wp-content\/uploads\/2014\/01\/strz1.jpg\"><img loading=\"lazy\" decoding=\"async\" class=\"alignnone wp-image-545\" src=\"https:\/\/sp7oswiecim.edu.pl\/wp-content\/uploads\/2014\/01\/strz1-200x300.jpg\" alt=\"SONY DSC\" width=\"144\" height=\"216\" \/><\/a><\/p>\n<h5><b><a href=\"https:\/\/sp7oswiecim.edu.pl\/wp-content\/uploads\/2014\/01\/hx-bullet.png\"><img loading=\"lazy\" decoding=\"async\" src=\"https:\/\/sp7oswiecim.edu.pl\/wp-content\/uploads\/2014\/01\/hx-bullet.png\" alt=\"hx-bullet\" width=\"12\" height=\"24\" \/><\/a><\/b><b><span style=\"color: #333333;\">NASZE ATUTY:<\/span> <\/b><\/h5>\n<ul>\n<li>dziennik elektroniczny;<\/li>\n<li>szko\u0142a przyjazna i bezpieczna;<\/li>\n<li>klasy licz\u0105ce 20- 24 os\u00f3b;<\/li>\n<li style=\"text-align: justify;\">stale wzbogacana baza szko\u0142y w nowoczesne pomoce dydaktyczne\u2013 tablice interaktywne, podr\u0119czniki multimedialne do nauczania j\u0119zyk\u00f3w obcych, pomoce multimedialne do nauczania;<\/li>\n<li>w ka\u017cdej sali lekcyjnej projektor, komputer z dost\u0119pem do Internetu;<\/li>\n<li>skomputeryzowana biblioteka i czytelnia;<\/li>\n<li>\u00a0mo\u017cliwo\u015b\u0107 poznawania innych kraj\u00f3w podczas wymian mi\u0119dzynarodowych;<\/li>\n<li>\u00a0wycieczki naukowe;<\/li>\n<li>\u00a0oferta zaj\u0119\u0107 pozalekcyjnych dostosowanych do zainteresowa\u0144 uczni\u00f3w;<\/li>\n<li>\u00a0gimnastyka korekcyjna na terenie szko\u0142y;<\/li>\n<li>opieka psychologa, pedagoga i logopedy;<\/li>\n<li>dzia\u0142ania w ramach projekt\u00f3w;<\/li>\n<li>\u00a0udzia\u0142 w og\u00f3lnopolskich projektach;<\/li>\n<li>doskonale przygotowana kadra nauczycielska;<\/li>\n<li>nauka dw\u00f3ch j\u0119zyk\u00f3w obcych: <b>j. angielskiego i j. niemieckiego<\/b>;<\/li>\n<li>dba\u0142o\u015b\u0107 o potrzeby edukacyjne wszystkich uczni\u00f3w, w tym tak\u017ce m\u0142odzie\u017cy o specyficznych potrzebach edukacyjnych;<\/li>\n<li>organizujemy imprezy sportowe i kulturalne.<\/li>\n<\/ul>\n<h5><b><a href=\"https:\/\/sp7oswiecim.edu.pl\/wp-content\/uploads\/2014\/01\/hx-bullet.png\"><img loading=\"lazy\" decoding=\"async\" class=\"alignnone size-full wp-image-383\" src=\"https:\/\/sp7oswiecim.edu.pl\/wp-content\/uploads\/2014\/01\/hx-bullet.png\" alt=\"hx-bullet\" width=\"12\" height=\"24\" \/><\/a><span style=\"color: #333333;\">UCZNIOWIE I NAUCZYCIELE NASZEJ SZKO\u0141Y MAJ\u0104 DO DYSPOZYCJI:<\/span><\/b><\/h5>\n<ul>\n<li>dobrze wyposa\u017cone pracownie przedmiotowe;<\/li>\n<li>bibliotek\u0119 z bogatym ksi\u0119gozbiorem, multimediami i czasopismami oraz czytelni\u0105, w\u00a0kt\u00f3rej uczniowie mog\u0105 pod fachowym okiem korzysta\u0107\u00a0z\u00a0dost\u0119pnych materia\u0142\u00f3w, przygotowa\u0107 si\u0119 do zaj\u0119\u0107 \u00a0\u00a0lub te\u017c poszerzy\u0107 swoj\u0105 wiedz\u0119;<\/li>\n<li>\u015bwietlic\u0119 szkoln\u0105, kt\u00f3ra oferuje uczniom r\u00f3\u017cnorodne zaj\u0119cia, w tym:\n<ul>\n<li>konkursy tematyczne<\/li>\n<li>zaj\u0119cia plastyczne<\/li>\n<\/ul>\n<\/li>\n<li>pomoc pedagoga, psychologa i logopedy szkolnego;<\/li>\n<li>sal\u0119 gimnastyczn\u0105;<\/li>\n<li>sal\u0119 do gimnastyki korekcyjnej;<\/li>\n<li>boisko szkolne;<\/li>\n<li>sto\u0142\u00f3wk\u0119 szkoln\u0105.<\/li>\n<\/ul>\n<h5><b><a href=\"https:\/\/sp7oswiecim.edu.pl\/wp-content\/uploads\/2014\/01\/hx-bullet.png\"><img loading=\"lazy\" decoding=\"async\" class=\"alignnone size-full wp-image-383\" src=\"https:\/\/sp7oswiecim.edu.pl\/wp-content\/uploads\/2014\/01\/hx-bullet.png\" alt=\"hx-bullet\" width=\"12\" height=\"24\" \/><\/a><span style=\"color: #333333;\">W NASZEJ SZKOLE DZIA\u0141AJ\u0104 M. IN.:<\/span> <\/b><\/h5>\n<ul style=\"list-style-type: disc;\">\n<li>Samorz\u0105d Uczniowski;<\/li>\n<li>k\u00f3\u0142ko redaktorskie gazetki szkolnej \u201eCzw\u00f3rkowe asy&#8221;;<\/li>\n<li>ko\u0142a zainteresowa\u0144<\/li>\n<\/ul>\n<h5><b><a href=\"https:\/\/sp7oswiecim.edu.pl\/wp-content\/uploads\/2014\/01\/hx-bullet.png\"><img loading=\"lazy\" decoding=\"async\" class=\"alignnone size-full wp-image-383\" src=\"https:\/\/sp7oswiecim.edu.pl\/wp-content\/uploads\/2014\/01\/hx-bullet.png\" alt=\"hx-bullet\" width=\"12\" height=\"24\" \/><\/a><span style=\"color: #333333;\">A CO POZA NAUK\u0104?<\/span> <\/b><\/h5>\n<ul>\n<li>wymiany mi\u0119dzynarodowe;<\/li>\n<li>obozy sportowe;<\/li>\n<li>zaj\u0119cia i zawody sportowe;<\/li>\n<li>\u00a0wycieczki rekreacyjno- dydaktyczne;<\/li>\n<li>\u00a0dob\u00f3r k\u00f3\u0142 zainteresowa\u0144 do potrzeb uczni\u00f3w<\/li>\n<li>Piknik Rodzinny;<\/li>\n<\/ul>\n<p>Pracujemy w oparciu o programy nauczania stale udoskonalane i\u00a0modyfikowane, dzi\u0119ki pog\u0142\u0119bianiu przez nas wiedzy i umiej\u0119tno\u015bci tak, aby wszyscy uczniowie byli solidnie przygotowani do dalszej nauki i \u017cycia we wsp\u00f3\u0142czesnym \u015bwiecie.<\/p>\n<p style=\"text-align: justify;\">Zapewniamy klimat \u017cyczliwo\u015bci i profesjonalizmu, r\u00f3\u017cnorodn\u0105 ofert\u0119 zaj\u0119\u0107 pozalekcyjnych dla uczni\u00f3w uzdolnionych w r\u00f3\u017cnych dziedzinach, a tak\u017ce wspieraj\u0105cych rozw\u00f3j dzieci o specjalnych potrzebach edukacyjnych.<\/p>\n<p style=\"text-align: justify;\">Priorytety w naszych dzia\u0142aniach to troska o bezpiecze\u0144stwo uczni\u00f3w oraz doskonalenie wsp\u00f3\u0142pracy mi\u0119dzy nauczycielami, uczniami i rodzicami zmierzaj\u0105ce do integracji szko\u0142y ze\u00a0\u015brodowiskiem lokalnym.<\/p>\n<h2 style=\"text-align: center;\"><strong>Certyfikaty<\/strong><\/h2>\n<p style=\"text-align: center;\"><a href=\"https:\/\/sp7oswiecim.edu.pl\/wp-content\/uploads\/2015\/01\/MG4-ZPB.jpg\"><img loading=\"lazy\" decoding=\"async\" class=\"aligncenter size-medium wp-image-3257\" src=\"https:\/\/sp7oswiecim.edu.pl\/wp-content\/uploads\/2015\/01\/MG4-ZPB-223x300.jpg\" alt=\"MG4 ZPB\" width=\"223\" height=\"300\" srcset=\"https:\/\/sp7oswiecim.edu.pl\/wp-content\/uploads\/2015\/01\/MG4-ZPB-223x300.jpg 223w, https:\/\/sp7oswiecim.edu.pl\/wp-content\/uploads\/2015\/01\/MG4-ZPB.jpg 688w\" sizes=\"auto, (max-width: 223px) 100vw, 223px\" \/><\/a><\/p>\n<p style=\"text-align: center;\"><a href=\"http:\/\/www.mg4.nstrefa.pl\/wp-content\/uploads\/2016\/12\/wsi-imageoptim-certyfikat-szkola-wolna-od-dopalaczy.jpg\"><img loading=\"lazy\" decoding=\"async\" class=\"aligncenter size-medium wp-image-4179\" src=\"https:\/\/sp7oswiecim.edu.pl\/wp-content\/uploads\/2014\/01\/certyfikat-szkola-wolna-od-dopalaczy-300x218.jpg\" alt=\"certyfikat-szkola-wolna-od-dopalaczy\" width=\"300\" height=\"218\" \/><\/a><\/p>\n<p style=\"text-align: center;\"><a href=\"https:\/\/sp7oswiecim.edu.pl\/wp-content\/uploads\/2015\/01\/golden-five-1.jpg\"><img loading=\"lazy\" decoding=\"async\" class=\"aligncenter size-medium wp-image-3711\" src=\"https:\/\/sp7oswiecim.edu.pl\/wp-content\/uploads\/2015\/01\/golden-five-1-300x212.jpg\" alt=\"golden- five-1\" width=\"300\" height=\"212\" \/><\/a><\/p>\n<p style=\"text-align: center;\"><a href=\"https:\/\/sp7oswiecim.edu.pl\/wp-content\/uploads\/2014\/01\/Narkotyki-dopalacze.jpg\"><img loading=\"lazy\" decoding=\"async\" class=\"aligncenter wp-image-3339 size-medium\" src=\"https:\/\/sp7oswiecim.edu.pl\/wp-content\/uploads\/2014\/01\/Narkotyki-dopalacze-209x300.jpg\" alt=\"Narkotyki-dopalacze\" width=\"209\" height=\"300\" srcset=\"https:\/\/sp7oswiecim.edu.pl\/wp-content\/uploads\/2014\/01\/Narkotyki-dopalacze-209x300.jpg 209w, https:\/\/sp7oswiecim.edu.pl\/wp-content\/uploads\/2014\/01\/Narkotyki-dopalacze-768x1103.jpg 768w, https:\/\/sp7oswiecim.edu.pl\/wp-content\/uploads\/2014\/01\/Narkotyki-dopalacze-713x1024.jpg 713w, https:\/\/sp7oswiecim.edu.pl\/wp-content\/uploads\/2014\/01\/Narkotyki-dopalacze.jpg 1186w\" sizes=\"auto, (max-width: 209px) 100vw, 209px\" \/><\/a><\/p>\n<p style=\"text-align: center;\"><a href=\"https:\/\/sp7oswiecim.edu.pl\/wp-content\/uploads\/2014\/05\/bezpieczna-szko\u0142\u0105.jpg\"><img loading=\"lazy\" decoding=\"async\" class=\"alignnone size-medium wp-image-1325\" src=\"https:\/\/sp7oswiecim.edu.pl\/wp-content\/uploads\/2014\/05\/bezpieczna-szko\u0142\u0105-210x300.jpg\" alt=\"bezpieczna szko\u0142\u0105\" width=\"210\" height=\"300\" srcset=\"https:\/\/sp7oswiecim.edu.pl\/wp-content\/uploads\/2014\/05\/bezpieczna-szko\u0142\u0105-210x300.jpg 210w, https:\/\/sp7oswiecim.edu.pl\/wp-content\/uploads\/2014\/05\/bezpieczna-szko\u0142\u0105.jpg 360w\" sizes=\"auto, (max-width: 210px) 100vw, 210px\" \/><\/a><\/p>\n<p style=\"text-align: center;\"><a href=\"https:\/\/sp7oswiecim.edu.pl\/wp-content\/uploads\/2014\/01\/Palenie-jest-s\u0142abe.jpg\"><img loading=\"lazy\" decoding=\"async\" class=\"alignnone size-medium wp-image-800\" src=\"https:\/\/sp7oswiecim.edu.pl\/wp-content\/uploads\/2014\/01\/Palenie-jest-s\u0142abe-207x300.jpg\" alt=\"Palenie jest s\u0142abe\" width=\"207\" height=\"300\" \/><\/a><\/p>\n<p style=\"text-align: center;\"><a href=\"https:\/\/sp7oswiecim.edu.pl\/wp-content\/uploads\/2014\/01\/szkola-z-klasa.jpg\"><img loading=\"lazy\" decoding=\"async\" src=\"https:\/\/sp7oswiecim.edu.pl\/wp-content\/uploads\/2014\/01\/szkola-z-klasa-212x300.jpg\" alt=\"szkola z klasa\" width=\"186\" height=\"264\" \/><\/a><a href=\"https:\/\/sp7oswiecim.edu.pl\/wp-content\/uploads\/2014\/01\/certyfikat-trzymaj-form\u0119.jpg\"><img loading=\"lazy\" decoding=\"async\" src=\"https:\/\/sp7oswiecim.edu.pl\/wp-content\/uploads\/2014\/01\/certyfikat-trzymaj-form\u0119-218x300.jpg\" alt=\"certyfikat trzymaj form\u0119\" width=\"192\" height=\"264\" \/><\/a><\/p>\n<p style=\"text-align: center;\"><a href=\"https:\/\/sp7oswiecim.edu.pl\/wp-content\/uploads\/2014\/01\/szkola-bez-przemocy.jpg\"><img loading=\"lazy\" decoding=\"async\" src=\"https:\/\/sp7oswiecim.edu.pl\/wp-content\/uploads\/2014\/01\/szkola-bez-przemocy-300x184.jpg\" alt=\"szkola bez przemocy\" width=\"243\" height=\"149\" \/><\/a><\/p>\n<p style=\"text-align: center;\"><a href=\"https:\/\/sp7oswiecim.edu.pl\/wp-content\/uploads\/2014\/01\/2011-2012.jpg\"><img loading=\"lazy\" decoding=\"async\" src=\"https:\/\/sp7oswiecim.edu.pl\/wp-content\/uploads\/2014\/01\/2011-2012-211x300.jpg\" alt=\"2011 2012\" width=\"164\" height=\"234\" \/><\/a><a href=\"https:\/\/sp7oswiecim.edu.pl\/wp-content\/uploads\/2014\/01\/2010-2011.jpg\"><img loading=\"lazy\" decoding=\"async\" src=\"https:\/\/sp7oswiecim.edu.pl\/wp-content\/uploads\/2014\/01\/2010-2011-210x300.jpg\" alt=\"2010 2011\" width=\"164\" height=\"233\" \/><\/a><a href=\"https:\/\/sp7oswiecim.edu.pl\/wp-content\/uploads\/2014\/01\/2009-2010.jpg\"><img loading=\"lazy\" decoding=\"async\" src=\"https:\/\/sp7oswiecim.edu.pl\/wp-content\/uploads\/2014\/01\/2009-2010-212x300.jpg\" alt=\"2009 2010\" width=\"164\" height=\"231\" \/><\/a><\/p>\n<p style=\"text-align: center;\"><a href=\"https:\/\/sp7oswiecim.edu.pl\/wp-content\/uploads\/2014\/01\/z-klasy-do-klasy.jpg\"><img loading=\"lazy\" decoding=\"async\" src=\"https:\/\/sp7oswiecim.edu.pl\/wp-content\/uploads\/2014\/01\/z-klasy-do-klasy-300x200.jpg\" alt=\"z klasy do klasy\" width=\"275\" height=\"183\" \/><\/a><\/p>\n","protected":false},"excerpt":{"rendered":"<p>&#8222;UCZYMY SI\u0118 NIE DLA SZKO\u0141Y, LECZ DLA \u017bYCIA&#8221; W naszej szkole prowadzimy zaj\u0119cia strzelectwa sportowego: Uczniowie\u00a0 podczas dodatkowych godzin w ramach wychowania fizycznego\u00a0 mog\u0105 doskonali\u0107 (w ma\u0142o licznym zespole) swoje umiej\u0119tno\u015bci w strzelectwie. Zaj\u0119cia odbywaj\u0105 si\u0119 w szkolnej strzelnicy sportowej. \u00a0\u00a0 NASZE ATUTY: dziennik elektroniczny; szko\u0142a przyjazna i bezpieczna; klasy&#8230;<\/p>\n<p class=\"continue-reading-button\"> <a class=\"continue-reading-link\" href=\"https:\/\/sp7oswiecim.edu.pl\/?page_id=119\">Czytaj dalej<i class=\"crycon-right-dir\"><\/i><\/a><\/p>\n","protected":false},"author":2,"featured_media":0,"parent":0,"menu_order":0,"comment_status":"closed","ping_status":"closed","template":"","meta":{"footnotes":""},"class_list":["post-119","page","type-page","status-publish","hentry"],"_links":{"self":[{"href":"https:\/\/sp7oswiecim.edu.pl\/index.php?rest_route=\/wp\/v2\/pages\/119","targetHints":{"allow":["GET"]}}],"collection":[{"href":"https:\/\/sp7oswiecim.edu.pl\/index.php?rest_route=\/wp\/v2\/pages"}],"about":[{"href":"https:\/\/sp7oswiecim.edu.pl\/index.php?rest_route=\/wp\/v2\/types\/page"}],"author":[{"embeddable":true,"href":"https:\/\/sp7oswiecim.edu.pl\/index.php?rest_route=\/wp\/v2\/users\/2"}],"replies":[{"embeddable":true,"href":"https:\/\/sp7oswiecim.edu.pl\/index.php?rest_route=%2Fwp%2Fv2%2Fcomments&post=119"}],"version-history":[{"count":5,"href":"https:\/\/sp7oswiecim.edu.pl\/index.php?rest_route=\/wp\/v2\/pages\/119\/revisions"}],"predecessor-version":[{"id":9056,"href":"https:\/\/sp7oswiecim.edu.pl\/index.php?rest_route=\/wp\/v2\/pages\/119\/revisions\/9056"}],"wp:attachment":[{"href":"https:\/\/sp7oswiecim.edu.pl\/index.php?rest_route=%2Fwp%2Fv2%2Fmedia&parent=119"}],"curies":[{"name":"wp","href":"https:\/\/api.w.org\/{rel}","templated":true}]}}