{"id":11329,"date":"2021-02-10T18:31:18","date_gmt":"2021-02-10T18:31:18","guid":{"rendered":"https:\/\/sp7oswiecim.edu.pl\/?page_id=11329"},"modified":"2025-03-21T09:50:00","modified_gmt":"2025-03-21T09:50:00","slug":"deklaracja-dostepnosci-cyfrowej-oswiadczenie-w-sprawie-dostepnosci","status":"publish","type":"page","link":"https:\/\/sp7oswiecim.edu.pl\/?page_id=11329","title":{"rendered":"Deklaracja dost\u0119pno\u015bci"},"content":{"rendered":"<p><strong>Wst\u0119p<\/strong><\/p>\n<p>Szko\u0142a Podstawowa nr 7 im. Zofii Kossak z siedzib\u0105 w O\u015bwi\u0119cimiu przy ul. Wyzwolenia 3 zobowi\u0105zuje si\u0119 zapewni\u0107 dost\u0119pno\u015b\u0107 swojej strony internetowej zgodnie z ustaw\u0105 z dnia 4 kwietnia 2019 r. o dost\u0119pno\u015bci cyfrowej stron internetowych i aplikacji mobilnych podmiot\u00f3w publicznych. Niniejsze o\u015bwiadczenie tycz\u0105ce si\u0119 dost\u0119pno\u015bci ma zastosowanie do strony internetowej szko\u0142y dost\u0119pnej pod adresem sp7oswiecim.edu.pl.<\/p>\n<p><strong>Daty publikacji i aktualizacji<\/strong><\/p>\n<p>Data publikacji strony internetowej: 2014-01-02. Data ostatniej istotnej aktualizacji: 2018-05-25.<\/p>\n<p><strong>Status pod wzgl\u0119dem zgodno\u015bci z ustaw\u0105<\/strong><\/p>\n<p>W Szkole Podstawowej nr 7 im. Zofii Kossak z siedzib\u0105 w O\u015bwi\u0119cimiu przy ul. Wyzwolenia 3 \u00a0dla strony sp7oswiecim.edu.pl przeprowadzono samoocen\u0119 dost\u0119pno\u015bci na poziomie 1 na podstawie strony :<\/p>\n<p><a href=\"https:\/\/www.gov.pl\/web\/dostepnosc-cyfrowa\/jak-znalezc-podstawowe-bledy-dostepnosci-cyfrowej-strony-internetowej#Tre%C5%9Bci%20tekstowe\">https:\/\/www.gov.pl\/web\/dostepnosc-cyfrowa\/<\/a> (19.03.2025)<\/p>\n<p>W nawi\u0105zaniu do ustawy z dnia 4 kwietnia 2019 r. o dost\u0119pno\u015bci cyfrowej stron internetowych i aplikacji mobilnych podmiot\u00f3w publicznych informujemy, \u017ce, w zwi\u0105zku z powy\u017csz\u0105 samoocen\u0105, strona internetowa jest cz\u0119\u015bciowo zgodna z ustaw\u0105, co wynika z niezgodno\u015bci lub wy\u0142\u0105cze\u0144 przedstawionych poni\u017cej:<\/p>\n<p>&#8211; filmy nie posiadaj\u0105 napis\u00f3w dla os\u00f3b g\u0142uchych, audiodeskrypcji i warstwy tekstowej \u2013 publikacja dot. film\u00f3w zamieszczanych na portalu YouTube<\/p>\n<p><strong>Data sporz\u0105dzenia Deklaracji i metoda oceny dost\u0119pno\u015bci cyfrowej<\/strong><\/p>\n<p>O\u015bwiadczenie sporz\u0105dzono dnia: 2021-02-08. Deklaracj\u0119 sporz\u0105dzono na podstawie samooceny przeprowadzonej przez podmiot publiczny.<\/p>\n<p><strong>Skr\u00f3ty klawiaturowe<\/strong><\/p>\n<p>Na stronie internetowej mo\u017cna u\u017cywa\u0107 standardowych skr\u00f3t\u00f3w klawiaturowych przegl\u0105darki.<\/p>\n<p><strong>Dost\u0119pne udogodnienia dla os\u00f3b niepe\u0142nosprawnych:<\/strong><\/p>\n<p>\u2013 powi\u0119kszanie i zmniejszanie tekstu<br \/>\n\u2013 ustawienie wysokiego kontrastu<br \/>\n\u2013 ustawienie wy\u015bwietlania strony w formie negatywu<br \/>\n\u2013 ustawienie wysokiego kontrastu<br \/>\n\u2013 pod\u015bwietlane i podkre\u015blone linki<br \/>\n\u2013 wyra\u017ana czcionka<br \/>\n\u2013 w skali szaro\u015bci<\/p>\n","protected":false},"excerpt":{"rendered":"<p>Wst\u0119p Szko\u0142a Podstawowa nr 7 im. Zofii Kossak z siedzib\u0105 w O\u015bwi\u0119cimiu przy ul. Wyzwolenia 3 zobowi\u0105zuje si\u0119 zapewni\u0107 dost\u0119pno\u015b\u0107 swojej strony internetowej zgodnie z ustaw\u0105 z dnia 4 kwietnia 2019 r. o dost\u0119pno\u015bci cyfrowej stron internetowych i aplikacji mobilnych podmiot\u00f3w publicznych. Niniejsze o\u015bwiadczenie tycz\u0105ce si\u0119 dost\u0119pno\u015bci ma zastosowanie do&#8230;<\/p>\n<p class=\"continue-reading-button\"> <a class=\"continue-reading-link\" href=\"https:\/\/sp7oswiecim.edu.pl\/?page_id=11329\">Czytaj dalej<i class=\"crycon-right-dir\"><\/i><\/a><\/p>\n","protected":false},"author":1,"featured_media":0,"parent":0,"menu_order":0,"comment_status":"closed","ping_status":"closed","template":"","meta":{"footnotes":""},"class_list":["post-11329","page","type-page","status-publish","hentry"],"_links":{"self":[{"href":"https:\/\/sp7oswiecim.edu.pl\/index.php?rest_route=\/wp\/v2\/pages\/11329","targetHints":{"allow":["GET"]}}],"collection":[{"href":"https:\/\/sp7oswiecim.edu.pl\/index.php?rest_route=\/wp\/v2\/pages"}],"about":[{"href":"https:\/\/sp7oswiecim.edu.pl\/index.php?rest_route=\/wp\/v2\/types\/page"}],"author":[{"embeddable":true,"href":"https:\/\/sp7oswiecim.edu.pl\/index.php?rest_route=\/wp\/v2\/users\/1"}],"replies":[{"embeddable":true,"href":"https:\/\/sp7oswiecim.edu.pl\/index.php?rest_route=%2Fwp%2Fv2%2Fcomments&post=11329"}],"version-history":[{"count":11,"href":"https:\/\/sp7oswiecim.edu.pl\/index.php?rest_route=\/wp\/v2\/pages\/11329\/revisions"}],"predecessor-version":[{"id":21227,"href":"https:\/\/sp7oswiecim.edu.pl\/index.php?rest_route=\/wp\/v2\/pages\/11329\/revisions\/21227"}],"wp:attachment":[{"href":"https:\/\/sp7oswiecim.edu.pl\/index.php?rest_route=%2Fwp%2Fv2%2Fmedia&parent=11329"}],"curies":[{"name":"wp","href":"https:\/\/api.w.org\/{rel}","templated":true}]}}